{"id":5514,"date":"2017-12-20T09:00:45","date_gmt":"2017-12-20T09:00:45","guid":{"rendered":"https:\/\/www.cudeca.org\/?page_id=5514"},"modified":"2019-03-02T11:04:03","modified_gmt":"2019-03-02T11:04:03","slug":"biblioteca","status":"publish","type":"page","link":"https:\/\/www.cudeca.org\/en\/our-care\/biblioteca\/","title":{"rendered":"For Caring Library"},"content":{"rendered":"<div class=\"wpb-content-wrapper\"><p>[vc_row][vc_column][vc_column_text el_class=&#8221;frase_destacada&#8221;]<\/p>\n<h2 style=\"text-align: center;\"><span style=\"color: #008000;\"><strong>We want to help you<\/strong><\/span><\/h2>\n<p>&nbsp;<\/p>\n<p>[\/vc_column_text][vc_single_image image=&#8221;15488&#8243; img_size=&#8221;full&#8221;][\/vc_column][\/vc_row][vc_row][vc_column][vc_column_text el_class=&#8221;grid_titulo&#8221;]<\/p>\n<h3 style=\"text-align: center;\"><span style=\"color: #333333;\"><strong>VIDEOS<\/strong><\/span><\/h3>\n<p>[\/vc_column_text][\/vc_column][\/vc_row][vc_row][vc_column width=&#8221;1\/4&#8243;][vc_column_text]<\/p>\n<p style=\"text-align: center;\"><span style=\"color: #008000;\"><strong>Ayudando a vivir<br \/>\n(<\/strong><\/span><span style=\"color: #008000;\"><strong>Helping people to live)<\/strong><\/span><\/p>\n<p>[\/vc_column_text][vc_empty_space height=&#8221;10px&#8221;][vc_video link=&#8221;https:\/\/www.youtube.com\/watch?v=VyFW5YyLTRo&#8221;][\/vc_column][vc_column width=&#8221;1\/4&#8243;][vc_column_text]<\/p>\n<p style=\"text-align: center;\"><span style=\"color: #008000;\"><strong>La importancia de ayudar hasta el final<\/strong><\/span><\/p>\n<p>[\/vc_column_text][vc_empty_space height=&#8221;10px&#8221;][vc_video link=&#8221;https:\/\/www.youtube.com\/watch?v=U8DUeKMSJxw&#8221;][\/vc_column][vc_column width=&#8221;1\/4&#8243;][vc_column_text]<\/p>\n<p style=\"text-align: center;\"><span style=\"color: #008000;\"><strong>\u00bfQu\u00e9 son los cuidados paliativos?<\/strong><\/span><\/p>\n<p>[\/vc_column_text][vc_empty_space height=&#8221;10px&#8221;][vc_video link=&#8221;https:\/\/www.youtube.com\/watch?v=bPiF9ZSDpIY&#8221;][\/vc_column][vc_column width=&#8221;1\/4&#8243;][vc_column_text]<\/p>\n<h5 style=\"text-align: center;\"><span style=\"color: #008000;\"><strong>\u00bfQui\u00e9n proporciona cuidados paliativos?<\/strong><\/span><\/h5>\n<p>[\/vc_column_text][vc_empty_space height=&#8221;10px&#8221;][vc_video link=&#8221;https:\/\/www.youtube.com\/watch?v=Om9DuvaJjD0&#8243;][\/vc_column][\/vc_row][vc_row][vc_column][vc_single_image image=&#8221;15488&#8243; img_size=&#8221;full&#8221;][\/vc_column][\/vc_row][vc_row][vc_column width=&#8221;1\/4&#8243;][vc_column_text]<\/p>\n<p style=\"text-align: center;\"><span style=\"color: #008000;\"><strong>\u00bfC\u00f3mo se accede a los cuidados?<\/strong><\/span><\/p>\n<p>[\/vc_column_text][vc_empty_space height=&#8221;10px&#8221;][vc_video link=&#8221;https:\/\/www.youtube.com\/watch?v=YGBV8_pybgA&#8221;][\/vc_column][vc_column width=&#8221;1\/4&#8243;][vc_column_text]<\/p>\n<p style=\"text-align: center;\"><span style=\"color: #008000;\"><strong>El rol de los familiares<\/strong><\/span><\/p>\n<p>[\/vc_column_text][vc_empty_space height=&#8221;10px&#8221;][vc_video link=&#8221;https:\/\/www.youtube.com\/watch?v=hM0x8RI7PL0&#8243;][\/vc_column][vc_column width=&#8221;1\/4&#8243;][vc_column_text]<\/p>\n<p style=\"text-align: center;\"><span style=\"color: #008000;\"><strong>El proceso de la enfermedad avanzada<\/strong><\/span><\/p>\n<p>[\/vc_column_text][vc_empty_space height=&#8221;10px&#8221;][vc_video link=&#8221;https:\/\/www.youtube.com\/watch?v=VNVG0xpgu8M&#8221;][\/vc_column][vc_column width=&#8221;1\/4&#8243;][vc_column_text]<\/p>\n<p style=\"text-align: center;\"><span style=\"color: #008000;\"><strong>Una persona sujeta a m\u00faltiples cambios<\/strong><\/span><\/p>\n<p>[\/vc_column_text][vc_empty_space height=&#8221;10px&#8221;][vc_video link=&#8221;https:\/\/www.youtube.com\/watch?v=xJKif6DS1bA&#8221;][\/vc_column][\/vc_row][vc_row][vc_column][vc_single_image image=&#8221;15488&#8243; img_size=&#8221;full&#8221;][\/vc_column][\/vc_row][vc_row][vc_column width=&#8221;1\/4&#8243;][vc_column_text]<\/p>\n<p style=\"text-align: center;\"><span style=\"color: #008000;\"><strong>Comunicaci\u00f3n, un procedimiento a realizar entre todos<\/strong><\/span><\/p>\n<p>[\/vc_column_text][vc_empty_space height=&#8221;10px&#8221;][vc_video link=&#8221;https:\/\/www.youtube.com\/watch?v=BQFZFWvxf8s&#8221;][\/vc_column][vc_column width=&#8221;1\/4&#8243;][vc_column_text]<\/p>\n<p style=\"text-align: center;\"><strong><span style=\"color: #008000;\">El mejor regalo que usted puede hacerle a un ser querido es escucharle<\/span><\/strong><\/p>\n<p>[\/vc_column_text][vc_empty_space height=&#8221;10px&#8221;][vc_video link=&#8221;https:\/\/www.youtube.com\/watch?v=BbTUsg6hOwA&#8221;][\/vc_column][vc_column width=&#8221;1\/4&#8243;][vc_column_text]<\/p>\n<p style=\"text-align: center;\"><span style=\"color: #008000;\"><strong>La valoraci\u00f3n de un paciente<\/strong><\/span><\/p>\n<p>[\/vc_column_text][vc_empty_space height=&#8221;10px&#8221;][vc_video link=&#8221;https:\/\/www.youtube.com\/watch?v=NUEPYfqY6GY&#8221;][\/vc_column][vc_column width=&#8221;1\/4&#8243;][vc_column_text]<\/p>\n<p style=\"text-align: center;\"><span style=\"color: #008000;\"><strong>Los s\u00edntomas, uno a uno<\/strong><\/span><\/p>\n<p>[\/vc_column_text][vc_empty_space height=&#8221;10px&#8221;][vc_video link=&#8221;https:\/\/www.youtube.com\/watch?v=P6i-SeOHk6Q&#8221;][\/vc_column][\/vc_row][vc_row][vc_column][vc_single_image image=&#8221;15488&#8243; img_size=&#8221;full&#8221;][\/vc_column][\/vc_row][vc_row][vc_column width=&#8221;1\/4&#8243;][vc_column_text]<\/p>\n<p style=\"text-align: center;\"><span style=\"color: #008000;\"><strong>El control de s\u00edntomas bases generales<\/strong><\/span><\/p>\n<p>[\/vc_column_text][vc_empty_space height=&#8221;10px&#8221;][vc_video link=&#8221;https:\/\/www.youtube.com\/watch?v=Xy7qZVZYETg&#8221;][\/vc_column][vc_column width=&#8221;1\/4&#8243;][vc_column_text]<\/p>\n<p style=\"text-align: center;\"><span style=\"color: #008000;\"><strong>Los f\u00e1rmacos en cuidados paliativos, tratamientos \u00fatiles e in\u00fatiles<\/strong><\/span><\/p>\n<p>[\/vc_column_text][vc_empty_space height=&#8221;10px&#8221;][vc_video link=&#8221;https:\/\/www.youtube.com\/watch?v=ORBSdIhihZQ&#8221;][\/vc_column][vc_column width=&#8221;1\/4&#8243;][vc_column_text]<\/p>\n<p style=\"text-align: center;\"><span style=\"color: #008000;\"><strong>La morfina y sus mitos<\/strong><\/span><\/p>\n<p>[\/vc_column_text][vc_empty_space height=&#8221;10px&#8221;][vc_video link=&#8221;https:\/\/www.youtube.com\/watch?v=gOvallIB0QY&#8221;][\/vc_column][vc_column width=&#8221;1\/4&#8243;][vc_column_text]<\/p>\n<p style=\"text-align: center;\"><span style=\"color: #008000;\"><strong>Riesgo de escaras y su protecci\u00f3n<\/strong><\/span><\/p>\n<p>[\/vc_column_text][vc_empty_space height=&#8221;10px&#8221;][vc_video link=&#8221;https:\/\/www.youtube.com\/watch?v=aEOMWgvj6wU&#8221;][\/vc_column][\/vc_row][vc_row][vc_column][vc_single_image image=&#8221;15488&#8243; img_size=&#8221;full&#8221;][\/vc_column][\/vc_row][vc_row][vc_column width=&#8221;1\/4&#8243;][vc_column_text]<\/p>\n<p style=\"text-align: center;\"><span style=\"color: #008000;\"><strong>Urgencias al final de la vida<\/strong><\/span><\/p>\n<p>[\/vc_column_text][vc_empty_space height=&#8221;10px&#8221;][vc_video link=&#8221;https:\/\/www.youtube.com\/watch?v=cwMYjaosf2A&#8221;][\/vc_column][vc_column width=&#8221;1\/4&#8243;][vc_column_text]<\/p>\n<p style=\"text-align: center;\"><span style=\"color: #008000;\"><strong>La atenci\u00f3n a los detalles<\/strong><\/span><\/p>\n<p>[\/vc_column_text][vc_empty_space height=&#8221;10px&#8221;][vc_video link=&#8221;https:\/\/www.youtube.com\/watch?v=lYUS-K9BpKY&#8221;][\/vc_column][vc_column width=&#8221;1\/4&#8243;][vc_column_text]<\/p>\n<p style=\"text-align: center;\"><span style=\"color: #008000;\"><strong>\u00bfQui\u00e9n me echa una mano?<\/strong><\/span><\/p>\n<p>[\/vc_column_text][vc_empty_space height=&#8221;10px&#8221;][vc_video link=&#8221;https:\/\/www.youtube.com\/watch?v=T6EDZFrwu7w&#8221;][\/vc_column][vc_column width=&#8221;1\/4&#8243;][vc_column_text]<\/p>\n<p style=\"text-align: center;\"><span style=\"color: #008000;\"><strong>El \u00faltimo suspiro<\/strong><\/span><\/p>\n<p>[\/vc_column_text][vc_empty_space height=&#8221;10px&#8221;][vc_video link=&#8221;https:\/\/www.youtube.com\/watch?v=y0wzpDsM3qQ&#8221;][\/vc_column][\/vc_row][vc_row][vc_column][vc_single_image image=&#8221;15488&#8243; img_size=&#8221;full&#8221;][\/vc_column][\/vc_row][vc_row][vc_column width=&#8221;1\/4&#8243;][vc_column_text]<\/p>\n<p style=\"text-align: center;\"><span style=\"color: #008000;\"><strong>El duelo: respuesta normal de un ser querido<\/strong><\/span><\/p>\n<p>[\/vc_column_text][vc_empty_space height=&#8221;10px&#8221;][vc_video link=&#8221;https:\/\/www.youtube.com\/watch?v=U8ygwohcSrk&#8221;][\/vc_column][vc_column width=&#8221;1\/4&#8243;][vc_column_text]<\/p>\n<p style=\"text-align: center;\"><span style=\"color: #008000;\"><strong>La familia, un pilar fundamental<\/strong><\/span><\/p>\n<p>[\/vc_column_text][vc_empty_space height=&#8221;10px&#8221;][vc_video link=&#8221;https:\/\/www.youtube.com\/watch?v=w9ndiFPMqqY&#8221;][\/vc_column][vc_column width=&#8221;1\/4&#8243;][vc_column_text]<\/p>\n<p style=\"text-align: center;\"><span style=\"color: #008000;\"><strong>Cuidar cuid\u00e1ndome<\/strong><\/span><\/p>\n<p>[\/vc_column_text][vc_empty_space height=&#8221;10px&#8221;][vc_video link=&#8221;https:\/\/www.youtube.com\/watch?v=yDpBxOQxUPY&#8221;][\/vc_column][vc_column width=&#8221;1\/4&#8243;][\/vc_column][\/vc_row][vc_row][vc_column][vc_column_text]<\/p>\n<p>[\/vc_column_text][\/vc_column][\/vc_row]<\/p>\n<\/div>","protected":false},"excerpt":{"rendered":"<p>[vc_row][vc_column][vc_column_text el_class=&#8221;frase_destacada&#8221;] We want to help you &nbsp; [\/vc_column_text][vc_single_image image=&#8221;15488&#8243; img_size=&#8221;full&#8221;][\/vc_column][\/vc_row][vc_row][vc_column][vc_column_text el_class=&#8221;grid_titulo&#8221;] VIDEOS [\/vc_column_text][\/vc_column][\/vc_row][vc_row][vc_column width=&#8221;1\/4&#8243;][vc_column_text] Ayudando a vivir (Helping people to live) [\/vc_column_text][vc_empty_space height=&#8221;10px&#8221;][vc_video link=&#8221;https:\/\/www.youtube.com\/watch?v=VyFW5YyLTRo&#8221;][\/vc_column][vc_column width=&#8221;1\/4&#8243;][vc_column_text] La importancia de ayudar hasta el final [\/vc_column_text][vc_empty_space height=&#8221;10px&#8221;][vc_video link=&#8221;https:\/\/www.youtube.com\/watch?v=U8DUeKMSJxw&#8221;][\/vc_column][vc_column width=&#8221;1\/4&#8243;][vc_column_text] \u00bfQu\u00e9 son los cuidados paliativos? [\/vc_column_text][vc_empty_space height=&#8221;10px&#8221;][vc_video link=&#8221;https:\/\/www.youtube.com\/watch?v=bPiF9ZSDpIY&#8221;][\/vc_column][vc_column width=&#8221;1\/4&#8243;][vc_column_text] \u00bfQui\u00e9n proporciona cuidados paliativos? [\/vc_column_text][vc_empty_space height=&#8221;10px&#8221;][vc_video link=&#8221;https:\/\/www.youtube.com\/watch?v=Om9DuvaJjD0&#8243;][\/vc_column][\/vc_row][vc_row][vc_column][vc_single_image image=&#8221;15488&#8243; img_size=&#8221;full&#8221;][\/vc_column][\/vc_row][vc_row][vc_column [&hellip;]<\/p>\n","protected":false},"author":2,"featured_media":0,"parent":4615,"menu_order":10,"comment_status":"closed","ping_status":"closed","template":"","meta":[],"yoast_head":"<!-- This site is optimized with the Yoast SEO plugin v19.4 - https:\/\/yoast.com\/wordpress\/plugins\/seo\/ -->\n<title>For Caring Library - Cudeca Cancer Care Hospice<\/title>\n<meta name=\"robots\" content=\"index, follow, max-snippet:-1, max-image-preview:large, max-video-preview:-1\" \/>\n<link rel=\"canonical\" href=\"https:\/\/www.cudeca.org\/nuestros-cuidados\/biblioteca\/\" \/>\n<meta property=\"og:locale\" content=\"en_US\" \/>\n<meta property=\"og:type\" content=\"article\" \/>\n<meta property=\"og:title\" content=\"For Caring Library - Cudeca Cancer Care Hospice\" \/>\n<meta property=\"og:description\" content=\"[vc_row][vc_column][vc_column_text el_class=&#8221;frase_destacada&#8221;] We want to help you &nbsp; [\/vc_column_text][vc_single_image image=&#8221;15488&#8243; img_size=&#8221;full&#8221;][\/vc_column][\/vc_row][vc_row][vc_column][vc_column_text el_class=&#8221;grid_titulo&#8221;] VIDEOS [\/vc_column_text][\/vc_column][\/vc_row][vc_row][vc_column width=&#8221;1\/4&#8243;][vc_column_text] Ayudando a vivir (Helping people to live) [\/vc_column_text][vc_empty_space height=&#8221;10px&#8221;][vc_video link=&#8221;https:\/\/www.youtube.com\/watch?v=VyFW5YyLTRo&#8221;][\/vc_column][vc_column width=&#8221;1\/4&#8243;][vc_column_text] La importancia de ayudar hasta el final [\/vc_column_text][vc_empty_space height=&#8221;10px&#8221;][vc_video link=&#8221;https:\/\/www.youtube.com\/watch?v=U8DUeKMSJxw&#8221;][\/vc_column][vc_column width=&#8221;1\/4&#8243;][vc_column_text] \u00bfQu\u00e9 son los cuidados paliativos? [\/vc_column_text][vc_empty_space height=&#8221;10px&#8221;][vc_video link=&#8221;https:\/\/www.youtube.com\/watch?v=bPiF9ZSDpIY&#8221;][\/vc_column][vc_column width=&#8221;1\/4&#8243;][vc_column_text] \u00bfQui\u00e9n proporciona cuidados paliativos? [\/vc_column_text][vc_empty_space height=&#8221;10px&#8221;][vc_video link=&#8221;https:\/\/www.youtube.com\/watch?v=Om9DuvaJjD0&#8243;][\/vc_column][\/vc_row][vc_row][vc_column][vc_single_image image=&#8221;15488&#8243; img_size=&#8221;full&#8221;][\/vc_column][\/vc_row][vc_row][vc_column [&hellip;]\" \/>\n<meta property=\"og:url\" content=\"https:\/\/www.cudeca.org\/nuestros-cuidados\/biblioteca\/\" \/>\n<meta property=\"og:site_name\" content=\"Cudeca Cancer Care Hospice\" \/>\n<meta property=\"article:publisher\" content=\"https:\/\/www.facebook.com\/AmigosDeCudeca\" \/>\n<meta property=\"article:modified_time\" content=\"2019-03-02T11:04:03+00:00\" \/>\n<meta name=\"twitter:card\" content=\"summary_large_image\" \/>\n<meta name=\"twitter:site\" content=\"@cudeca\" \/>\n<meta name=\"twitter:label1\" content=\"Est. reading time\" \/>\n\t<meta name=\"twitter:data1\" content=\"10 minutes\" \/>\n<script type=\"application\/ld+json\" class=\"yoast-schema-graph\">{\"@context\":\"https:\/\/schema.org\",\"@graph\":[{\"@type\":\"Organization\",\"@id\":\"https:\/\/www.cudeca.org\/#organization\",\"name\":\"Fundaci\u00f3n Cudeca\",\"url\":\"https:\/\/www.cudeca.org\/\",\"sameAs\":[\"https:\/\/www.youtube.com\/c\/cudecamalaga\",\"https:\/\/www.facebook.com\/AmigosDeCudeca\",\"https:\/\/twitter.com\/cudeca\"],\"logo\":{\"@type\":\"ImageObject\",\"inLanguage\":\"en-US\",\"@id\":\"https:\/\/www.cudeca.org\/#\/schema\/logo\/image\/\",\"url\":\"https:\/\/www.cudeca.org\/wp-content\/uploads\/2018\/02\/cudeca-logo.png\",\"contentUrl\":\"https:\/\/www.cudeca.org\/wp-content\/uploads\/2018\/02\/cudeca-logo.png\",\"width\":2121,\"height\":984,\"caption\":\"Fundaci\u00f3n Cudeca\"},\"image\":{\"@id\":\"https:\/\/www.cudeca.org\/#\/schema\/logo\/image\/\"}},{\"@type\":\"WebSite\",\"@id\":\"https:\/\/www.cudeca.org\/#website\",\"url\":\"https:\/\/www.cudeca.org\/\",\"name\":\"Fundaci\u00f3n Cudeca\",\"description\":\"Cudeca Hospice\",\"publisher\":{\"@id\":\"https:\/\/www.cudeca.org\/#organization\"},\"potentialAction\":[{\"@type\":\"SearchAction\",\"target\":{\"@type\":\"EntryPoint\",\"urlTemplate\":\"https:\/\/www.cudeca.org\/?s={search_term_string}\"},\"query-input\":\"required name=search_term_string\"}],\"inLanguage\":\"en-US\"},{\"@type\":\"WebPage\",\"@id\":\"https:\/\/www.cudeca.org\/nuestros-cuidados\/biblioteca\/\",\"url\":\"https:\/\/www.cudeca.org\/nuestros-cuidados\/biblioteca\/\",\"name\":\"For Caring Library - Cudeca Cancer Care Hospice\",\"isPartOf\":{\"@id\":\"https:\/\/www.cudeca.org\/#website\"},\"datePublished\":\"2017-12-20T09:00:45+00:00\",\"dateModified\":\"2019-03-02T11:04:03+00:00\",\"breadcrumb\":{\"@id\":\"https:\/\/www.cudeca.org\/nuestros-cuidados\/biblioteca\/#breadcrumb\"},\"inLanguage\":\"en-US\",\"potentialAction\":[{\"@type\":\"ReadAction\",\"target\":[\"https:\/\/www.cudeca.org\/nuestros-cuidados\/biblioteca\/\"]}]},{\"@type\":\"BreadcrumbList\",\"@id\":\"https:\/\/www.cudeca.org\/nuestros-cuidados\/biblioteca\/#breadcrumb\",\"itemListElement\":[{\"@type\":\"ListItem\",\"position\":1,\"name\":\"Portada\",\"item\":\"https:\/\/www.cudeca.org\/\"},{\"@type\":\"ListItem\",\"position\":2,\"name\":\"NUESTROS CUIDADOS\",\"item\":\"https:\/\/www.cudeca.org\/nuestros-cuidados\/\"},{\"@type\":\"ListItem\",\"position\":3,\"name\":\"Biblioteca de Cuidados\"}]}]}<\/script>\n<!-- \/ Yoast SEO plugin. -->","yoast_head_json":{"title":"For Caring Library - Cudeca Cancer Care Hospice","robots":{"index":"index","follow":"follow","max-snippet":"max-snippet:-1","max-image-preview":"max-image-preview:large","max-video-preview":"max-video-preview:-1"},"canonical":"https:\/\/www.cudeca.org\/nuestros-cuidados\/biblioteca\/","og_locale":"en_US","og_type":"article","og_title":"For Caring Library - Cudeca Cancer Care Hospice","og_description":"[vc_row][vc_column][vc_column_text el_class=&#8221;frase_destacada&#8221;] We want to help you &nbsp; [\/vc_column_text][vc_single_image image=&#8221;15488&#8243; img_size=&#8221;full&#8221;][\/vc_column][\/vc_row][vc_row][vc_column][vc_column_text el_class=&#8221;grid_titulo&#8221;] VIDEOS [\/vc_column_text][\/vc_column][\/vc_row][vc_row][vc_column width=&#8221;1\/4&#8243;][vc_column_text] Ayudando a vivir (Helping people to live) [\/vc_column_text][vc_empty_space height=&#8221;10px&#8221;][vc_video link=&#8221;https:\/\/www.youtube.com\/watch?v=VyFW5YyLTRo&#8221;][\/vc_column][vc_column width=&#8221;1\/4&#8243;][vc_column_text] La importancia de ayudar hasta el final [\/vc_column_text][vc_empty_space height=&#8221;10px&#8221;][vc_video link=&#8221;https:\/\/www.youtube.com\/watch?v=U8DUeKMSJxw&#8221;][\/vc_column][vc_column width=&#8221;1\/4&#8243;][vc_column_text] \u00bfQu\u00e9 son los cuidados paliativos? [\/vc_column_text][vc_empty_space height=&#8221;10px&#8221;][vc_video link=&#8221;https:\/\/www.youtube.com\/watch?v=bPiF9ZSDpIY&#8221;][\/vc_column][vc_column width=&#8221;1\/4&#8243;][vc_column_text] \u00bfQui\u00e9n proporciona cuidados paliativos? [\/vc_column_text][vc_empty_space height=&#8221;10px&#8221;][vc_video link=&#8221;https:\/\/www.youtube.com\/watch?v=Om9DuvaJjD0&#8243;][\/vc_column][\/vc_row][vc_row][vc_column][vc_single_image image=&#8221;15488&#8243; img_size=&#8221;full&#8221;][\/vc_column][\/vc_row][vc_row][vc_column [&hellip;]","og_url":"https:\/\/www.cudeca.org\/nuestros-cuidados\/biblioteca\/","og_site_name":"Cudeca Cancer Care Hospice","article_publisher":"https:\/\/www.facebook.com\/AmigosDeCudeca","article_modified_time":"2019-03-02T11:04:03+00:00","twitter_card":"summary_large_image","twitter_site":"@cudeca","twitter_misc":{"Est. reading time":"10 minutes"},"schema":{"@context":"https:\/\/schema.org","@graph":[{"@type":"Organization","@id":"https:\/\/www.cudeca.org\/#organization","name":"Fundaci\u00f3n Cudeca","url":"https:\/\/www.cudeca.org\/","sameAs":["https:\/\/www.youtube.com\/c\/cudecamalaga","https:\/\/www.facebook.com\/AmigosDeCudeca","https:\/\/twitter.com\/cudeca"],"logo":{"@type":"ImageObject","inLanguage":"en-US","@id":"https:\/\/www.cudeca.org\/#\/schema\/logo\/image\/","url":"https:\/\/www.cudeca.org\/wp-content\/uploads\/2018\/02\/cudeca-logo.png","contentUrl":"https:\/\/www.cudeca.org\/wp-content\/uploads\/2018\/02\/cudeca-logo.png","width":2121,"height":984,"caption":"Fundaci\u00f3n Cudeca"},"image":{"@id":"https:\/\/www.cudeca.org\/#\/schema\/logo\/image\/"}},{"@type":"WebSite","@id":"https:\/\/www.cudeca.org\/#website","url":"https:\/\/www.cudeca.org\/","name":"Fundaci\u00f3n Cudeca","description":"Cudeca Hospice","publisher":{"@id":"https:\/\/www.cudeca.org\/#organization"},"potentialAction":[{"@type":"SearchAction","target":{"@type":"EntryPoint","urlTemplate":"https:\/\/www.cudeca.org\/?s={search_term_string}"},"query-input":"required name=search_term_string"}],"inLanguage":"en-US"},{"@type":"WebPage","@id":"https:\/\/www.cudeca.org\/nuestros-cuidados\/biblioteca\/","url":"https:\/\/www.cudeca.org\/nuestros-cuidados\/biblioteca\/","name":"For Caring Library - Cudeca Cancer Care Hospice","isPartOf":{"@id":"https:\/\/www.cudeca.org\/#website"},"datePublished":"2017-12-20T09:00:45+00:00","dateModified":"2019-03-02T11:04:03+00:00","breadcrumb":{"@id":"https:\/\/www.cudeca.org\/nuestros-cuidados\/biblioteca\/#breadcrumb"},"inLanguage":"en-US","potentialAction":[{"@type":"ReadAction","target":["https:\/\/www.cudeca.org\/nuestros-cuidados\/biblioteca\/"]}]},{"@type":"BreadcrumbList","@id":"https:\/\/www.cudeca.org\/nuestros-cuidados\/biblioteca\/#breadcrumb","itemListElement":[{"@type":"ListItem","position":1,"name":"Portada","item":"https:\/\/www.cudeca.org\/"},{"@type":"ListItem","position":2,"name":"NUESTROS CUIDADOS","item":"https:\/\/www.cudeca.org\/nuestros-cuidados\/"},{"@type":"ListItem","position":3,"name":"Biblioteca de Cuidados"}]}]}},"_links":{"self":[{"href":"https:\/\/www.cudeca.org\/en\/wp-json\/wp\/v2\/pages\/5514"}],"collection":[{"href":"https:\/\/www.cudeca.org\/en\/wp-json\/wp\/v2\/pages"}],"about":[{"href":"https:\/\/www.cudeca.org\/en\/wp-json\/wp\/v2\/types\/page"}],"author":[{"embeddable":true,"href":"https:\/\/www.cudeca.org\/en\/wp-json\/wp\/v2\/users\/2"}],"replies":[{"embeddable":true,"href":"https:\/\/www.cudeca.org\/en\/wp-json\/wp\/v2\/comments?post=5514"}],"version-history":[{"count":49,"href":"https:\/\/www.cudeca.org\/en\/wp-json\/wp\/v2\/pages\/5514\/revisions"}],"predecessor-version":[{"id":19915,"href":"https:\/\/www.cudeca.org\/en\/wp-json\/wp\/v2\/pages\/5514\/revisions\/19915"}],"up":[{"embeddable":true,"href":"https:\/\/www.cudeca.org\/en\/wp-json\/wp\/v2\/pages\/4615"}],"wp:attachment":[{"href":"https:\/\/www.cudeca.org\/en\/wp-json\/wp\/v2\/media?parent=5514"}],"curies":[{"name":"wp","href":"https:\/\/api.w.org\/{rel}","templated":true}]}}