{"id":4758,"date":"2017-10-03T15:38:21","date_gmt":"2017-10-03T15:38:21","guid":{"rendered":"https:\/\/www.cudeca.org\/?page_id=4758"},"modified":"2025-10-15T14:26:28","modified_gmt":"2025-10-15T14:26:28","slug":"deja-tu-legado","status":"publish","type":"page","link":"https:\/\/www.cudeca.org\/en\/get-involved\/leave-a-legacy\/","title":{"rendered":"Wills &#038; Legacies"},"content":{"rendered":"<div class=\"wpb-content-wrapper\"><p>[vc_row][vc_column][vc_column_text css=&#8221;&#8221; el_class=&#8221;frase_destacada&#8221;]<\/p>\n<h2 style=\"text-align: center;\"><strong><span style=\"color: #008000;\">With your will, a part of you<\/span><span style=\"color: #008000;\"> will always remain here to help more people&lt;\/<br \/>\n[\/vc_column_text][vc_empty_space][\/vc_column][\/vc_row][vc_row][vc_column width=&#8221;1\/3&#8243; el_class=&#8221;grid_columnas&#8221;][vc_single_image image=&#8221;4690&#8243; img_size=&#8221;medium&#8221;][vc_empty_space height=&#8221;15px&#8221;][vc_column_text css=&#8221;&#8221; el_class=&#8221;grid_titulo&#8221;]<\/span><\/strong><\/h2>\n<h4 style=\"text-align: center;\"><strong><span style=\"color: #008000;\">What is a will and why is it important?<\/span><\/strong><\/h4>\n<p>[\/vc_column_text][vc_column_text css=&#8221;&#8221;]A will is the opportunity to ensure that your commitment to a cause endures even when you are no longer here. Through it, you express what truly matters to you \u2014 what you believe in and wish to continue protecting. <strong>With your will, a part of you will always remain here.<\/strong> As a non-profit organization, our work depends largely on the donations of our members and the income we receive from various events, charity shops, and contributions. Legacies and bequests are also very important for our foundation: they allow our palliative care services to continue reaching everyone who needs them \u2014 and to do so free of charge. <span style=\"color: #008000;\"><strong>For us, inheritances or legacies are tax-exempt, as they are not subject to Inheritance and Gift Tax.<\/strong><\/span>A will is the opportunity to ensure that your commitment to a cause endures even when you are no longer here. Through it, you express what truly matters to you \u2014 what you believe in and wish to continue protecting.<\/p>\n<p><strong>With your will, a part of you will always remain here.<\/strong><\/p>\n<p>As a non-profit organization, our work depends largely on the donations of our members and the income we receive from various events, charity shops, and contributions.<\/p>\n<p>Legacies and bequests are also very important for our foundation: they allow our palliative care services to continue reaching everyone who needs them \u2014 and to do so free of charge.<\/p>\n<p><span style=\"color: #008000;\"><strong>For us, inheritances or legacies are tax-exempt, as they are not subject to Inheritance and Gift Tax.<\/strong><\/span><br \/>\n[\/vc_column_text][vc_empty_space][\/vc_column][vc_column width=&#8221;1\/3&#8243;][vc_single_image image=&#8221;9120&#8243; img_size=&#8221;medium&#8221;][vc_empty_space height=&#8221;15px&#8221;][vc_column_text css=&#8221;&#8221; el_class=&#8221;grid_titulo&#8221;]<\/p>\n<h4 style=\"text-align: center;\"><span style=\"color: #008000;\"><strong>How to make a will?<\/strong><\/span><\/h4>\n<p>[\/vc_column_text][vc_column_text css=&#8221;&#8221;]Writing your will should not be just a formality, nor something to face with fear or anxiety. It is a meaningful act in your life that allows you to decide and record your wishes in an official document.<\/p>\n<p>Leaving part of your estate to Cudeca is as simple as leaving it to a loved one or family member: just make sure to specify it clearly in your will.[\/vc_column_text][vc_empty_space height=&#8221;12px&#8221;][vc_column_text css=&#8221;&#8221;]<strong>Making a will is usually a simple procedure, and it is highly recommended to do it before a notary.<\/strong> The notary may charge between \u20ac50 and \u20ac80 for preparing a will.<\/p>\n<p style=\"font-weight: 400;\">If needed, Cudeca can cover these notary fees.<\/p>\n<p style=\"font-weight: 400;\">It is important that the notary has the correct information for Fundaci\u00f3n Cudeca:<\/p>\n<ul style=\"font-weight: 400;\">\n<li><b><strong>Fundaci\u00f3n Cudeca<\/strong><\/b><\/li>\n<li><b><strong>Avenida del Cosmos S\/N<\/strong><\/b><\/li>\n<li><b><strong>29631 Benalm\u00e1dena, M\u00e1laga, Spain<\/strong><\/b><\/li>\n<li><b><strong>CIF: G92182054<\/strong><\/b><\/li>\n<li><b><strong>Registration N\u00ba: MA\/728<\/strong><\/b><\/li>\n<\/ul>\n<p style=\"font-weight: 400;\">For any questions or personalized guidance, please contact our Chief Financial Officer:<br \/>\n<b><strong>Rafael Olalla<\/strong><\/b>\u00a0\u2013 Phone: +34\u202f661\u202f674\u202f227\u00a0\u2013\u00a0Email:\u00a0<a href=\"mailto:rafaelolalla@cudeca.org\">rafaelolalla@cudeca.org<\/a><\/p>\n<p>[\/vc_column_text][\/vc_column][vc_column width=&#8221;1\/3&#8243;][vc_single_image image=&#8221;4692&#8243; img_size=&#8221;medium&#8221;][vc_empty_space height=&#8221;15px&#8221;][vc_column_text css=&#8221;&#8221; el_class=&#8221;grid_titulo&#8221;]<\/p>\n<h4 style=\"text-align: center;\"><span style=\"color: #008000;\"><strong>We want to get to know you<\/strong><\/span><\/h4>\n<p>[\/vc_column_text][vc_column_text css=&#8221;&#8221;]Whenever we receive a will, it moves us deeply and makes us feel both grateful and humble, as it is an <strong>act of great generosity and a responsibility for us.<\/strong><\/p>\n<p>We would love to get to know the person who made it, to understand what motivated them to support us \u2014 to make such a beautiful and meaningful gesture. Above all, we would love to thank them in person. But many times, that is not possible.<\/p>\n<p>That\u2019s why, when including us in your will, we invite you to tell us a bit more about yourself. You can share your name or remain anonymous, send us a letter, a photo \u2014 simply whatever feels right to you. You can also come and visit us. <strong>We would be delighted to welcome you.<\/strong><br \/>\n[\/vc_column_text][\/vc_column][\/vc_row][vc_row][vc_column][vc_column_text css=&#8221;&#8221; el_class=&#8221;frase_destacada&#8221;]<\/p>\n<h2 style=\"text-align: center;\"><span style=\"color: #008000;\"><strong>With your legacy, you will be adding LIFE TO THE DAYS of many people.<\/strong><\/span><\/h2>\n<p>[\/vc_column_text][\/vc_column][\/vc_row][vc_row][vc_column el_class=&#8221;grid_columnas&#8221;][vc_column_text]<\/p>\n<h4 style=\"text-align: center;\"><span style=\"color: #000000;\"><strong>Aqu\u00ed te puedes descargar los folletos &#8220;Herencias y Legados&#8221; en cualquier idioma.<\/strong><\/span><\/h4>\n<p style=\"text-align: center;\"><a href=\"https:\/\/www.cudeca.org\/wp-content\/uploads\/2020\/06\/20-Legados-ESP-1.pdf\" target=\"_blank\" rel=\"noopener noreferrer\">Folleto Espa\u00f1ol<\/a> \u00a0 \u00a0 <a href=\"https:\/\/www.cudeca.org\/wp-content\/uploads\/2020\/06\/20-Legados-ENG-1.pdf\" target=\"_blank\" rel=\"noopener noreferrer\">Folleto Ingl\u00e9s<\/a> \u00a0 \u00a0 \u00a0<a href=\"https:\/\/www.cudeca.org\/wp-content\/uploads\/2020\/06\/20-Legados-ALEMAN-1.pdf\" target=\"_blank\" rel=\"noopener noreferrer\">Folleto Alem\u00e1n<\/a>\u00a0 \u00a0 \u00a0<a href=\"https:\/\/www.cudeca.org\/wp-content\/uploads\/2020\/06\/20-Legados-NED-1.pdf\">Folleto Neerland\u00e9s\u00a0<\/a> \u00a0 \u00a0 <a href=\"https:\/\/www.cudeca.org\/wp-content\/uploads\/2020\/06\/20-Legados-FRA-1.pdf\">Folleto Franc\u00e9s\u00a0<\/a> \u00a0 \u00a0 <a href=\"https:\/\/www.cudeca.org\/wp-content\/uploads\/2020\/06\/20-Legados-RUSO-1.pdf\">Folleto Ruso<\/a>\u00a0 \u00a0 \u00a0 \u00a0<a href=\"https:\/\/www.cudeca.org\/wp-content\/uploads\/2020\/06\/20-Legados-FINES-1.pdf\">Folleto Fin\u00e9s<\/a>\u00a0 \u00a0 <a href=\"https:\/\/www.cudeca.org\/wp-content\/uploads\/2020\/06\/20-Legados-NORUEGO.pdf\">Folleto Noruego\u00a0<\/a> \u00a0 <a href=\"https:\/\/www.cudeca.org\/wp-content\/uploads\/2020\/06\/20-Legados-SUECO.pdf\">Folleto Sueco<\/a><\/p>\n<p>[\/vc_column_text][\/vc_column][\/vc_row][vc_row][vc_column][vc_column_text el_class=&#8221;caja_titulo&#8221;]<\/p>\n<h4 style=\"text-align: center;\"><strong>Si te decides a hacer un testamento a favor de nuestro proyecto, y tienes alguna duda, s\u00f3lo tienes que contactar con nosotros y te ayudaremos a t\u00ed o a tu abogado con cualquier tr\u00e1mite que necesites.<\/strong><\/h4>\n<p>[\/vc_column_text]\n                <div class='gf_browser_gecko gform_wrapper' id='gform_wrapper_8' ><form method='post' enctype='multipart\/form-data'  id='gform_8'  action=\"\/en\/wp-json\/wp\/v2\/pages\/4758\"> \r\n <input type='hidden' class='gforms-pum' value='{\"closepopup\":false,\"closedelay\":0,\"openpopup\":false,\"openpopup_id\":0}' \/>\n                        <div class='gform_body'><ul id='gform_fields_8' class='gform_fields top_label form_sublabel_below description_below'><li id='field_8_11'  class='gfield gfield_contains_required field_sublabel_below field_description_below gfield_visibility_visible' ><label class='gfield_label' for='input_8_11' >Name<span class='gfield_required'>*<\/span><\/label><div class='ginput_container ginput_container_text'><input name='input_11' id='input_8_11' type='text' value='' class='medium'     aria-required=\"true\" aria-invalid=\"false\" \/><\/div><\/li><li id='field_8_12'  class='gfield gfield_contains_required field_sublabel_below field_description_below gfield_visibility_visible' ><label class='gfield_label' for='input_8_12' >Surname<span class='gfield_required'>*<\/span><\/label><div class='ginput_container ginput_container_text'><input name='input_12' id='input_8_12' type='text' value='' class='medium'     aria-required=\"true\" aria-invalid=\"false\" \/><\/div><\/li><li id='field_8_13'  class='gfield gfield_contains_required field_sublabel_below field_description_below gfield_visibility_visible' ><label class='gfield_label' for='input_8_13' >Telephone<span class='gfield_required'>*<\/span><\/label><div class='ginput_container ginput_container_text'><input name='input_13' id='input_8_13' type='text' value='' class='medium'     aria-required=\"true\" aria-invalid=\"false\" \/><\/div><\/li><li id='field_8_3'  class='gfield gfield_contains_required field_sublabel_below field_description_below gfield_visibility_visible' ><label class='gfield_label' for='input_8_3' >Email<span class='gfield_required'>*<\/span><\/label><div class='ginput_container ginput_container_email'>\n                            <input name='input_3' id='input_8_3' type='email' value='' class='medium'    aria-required=\"true\" aria-invalid=\"false\" \/>\n                        <\/div><\/li><li id='field_8_6'  class='gfield field_sublabel_below field_description_below gfield_visibility_visible' ><label class='gfield_label' for='input_8_6' >Observations<\/label><div class='ginput_container ginput_container_textarea'><textarea name='input_6' id='input_8_6' class='textarea medium'      aria-invalid=\"false\"   rows='10' cols='50'><\/textarea><\/div><\/li><li id='field_8_15'  class='gfield checkcomunicaciones field_sublabel_below field_description_below gfield_visibility_visible' ><label class='gfield_label'  ><\/label><div class='ginput_container ginput_container_checkbox'><ul class='gfield_checkbox' id='input_8_15'><li class='gchoice_8_15_1'>\n\t\t\t\t\t\t\t\t<input name='input_15.1' type='checkbox'  value='Check this box if you want to receive information about our special care and the different activities we organize via email and\/or phone.'  id='choice_8_15_1'   \/>\n\t\t\t\t\t\t\t\t<label for='choice_8_15_1' id='label_8_15_1'>Check this box if you want to receive information about our special care and the different activities we organize via email and\/or phone.<\/label>\n\t\t\t\t\t\t\t<\/li><\/ul><\/div><\/li><li id='field_8_10'  class='gfield gfield_contains_required field_sublabel_below field_description_below gfield_visibility_visible' ><label class='gfield_label'  >Private Policy<span class='gfield_required'>*<\/span><\/label><div class='ginput_container ginput_container_checkbox'><ul class='gfield_checkbox' id='input_8_10'><li class='gchoice_8_10_1'>\n\t\t\t\t\t\t\t\t<input name='input_10.1' type='checkbox'  value='I agree to accept the conditions listed in the &lt;a href=&quot;\/en\/politica-de-privacidad-y-aviso-legal&quot;&gt;Privacy Policy&lt;\/a&gt; on Cudeca&#039;s web page'  id='choice_8_10_1'   \/>\n\t\t\t\t\t\t\t\t<label for='choice_8_10_1' id='label_8_10_1'>I agree to accept the conditions listed in the <a href=\"\/en\/politica-de-privacidad-y-aviso-legal\">Privacy Policy<\/a> on Cudeca's web page<\/label>\n\t\t\t\t\t\t\t<\/li><\/ul><\/div><\/li><li id='field_8_14'  class='gfield gfield_html gfield_html_formatted gfield_no_follows_desc field_sublabel_below field_description_below gfield_visibility_visible' ><p style=\"font-size:12px\">In accordance with the provisions of the regulations in force on the protection of personal data, Regulation (EU) 2016\/679 of April 27, 2016 (GDPR), we inform you that FUNDACION CUDECA is responsible for the treatment of personal data for administrative, statistical and information purposes. You have the right to cancel, access, rectify, transfer or delete your data as well as the right to limit or oppose the treatment of said data, in which case you should contact FUNDAC\u00cdON CUDECA at Avda. del Cosmos, s\/n 29631 Benalm\u00e1dena (MALAGA), or e-mail: datos@cudeca.org. If you consider that the treatment of your data does not comply with current regulations you have the right to file a claim with the Data Protection Agency www.agpd.es<\/p><\/li>\n                            <\/ul><\/div>\n        <div class='gform_footer top_label'> <input type='submit' id='gform_submit_button_8' class='gform_button button' value='Enviar'  onclick='if(window[\"gf_submitting_8\"]){return false;}  if( !jQuery(\"#gform_8\")[0].checkValidity || jQuery(\"#gform_8\")[0].checkValidity()){window[\"gf_submitting_8\"]=true;}  ' onkeypress='if( event.keyCode == 13 ){ if(window[\"gf_submitting_8\"]){return false;} if( !jQuery(\"#gform_8\")[0].checkValidity || jQuery(\"#gform_8\")[0].checkValidity()){window[\"gf_submitting_8\"]=true;}  jQuery(\"#gform_8\").trigger(\"submit\",[true]); }' \/> \n            <input type='hidden' class='gform_hidden' name='is_submit_8' value='1' \/>\n            <input type='hidden' class='gform_hidden' name='gform_submit' value='8' \/>\n            \n            <input type='hidden' class='gform_hidden' name='gform_unique_id' value='' \/>\n            <input type='hidden' class='gform_hidden' name='state_8' value='WyJbXSIsIjQ1ZTQ0ODMwMmM2Yjk3YzQxODhkMzQxZTQyMDVlMGFkIl0=' \/>\n            <input type='hidden' class='gform_hidden' name='gform_target_page_number_8' id='gform_target_page_number_8' value='0' \/>\n            <input type='hidden' class='gform_hidden' name='gform_source_page_number_8' id='gform_source_page_number_8' value='1' \/>\n            <input type='hidden' name='gform_field_values' value='' \/>\n            \n        <\/div>\n                        <\/form>\n                        <\/div><script type='text\/javascript'> jQuery(document).bind('gform_post_render', function(event, formId, currentPage){if(formId == 8) {} } );jQuery(document).bind('gform_post_conditional_logic', function(event, formId, fields, isInit){} );<\/script><script type='text\/javascript'> jQuery(document).ready(function(){jQuery(document).trigger('gform_post_render', [8, 1]) } ); <\/script>[\/vc_column][\/vc_row]<\/p>\n<\/div>","protected":false},"excerpt":{"rendered":"<p>[vc_row][vc_column][vc_column_text css=&#8221;&#8221; el_class=&#8221;frase_destacada&#8221;] With your will, a part of you will always remain here to help more people&lt;\/ [\/vc_column_text][vc_empty_space][\/vc_column][\/vc_row][vc_row][vc_column width=&#8221;1\/3&#8243; el_class=&#8221;grid_columnas&#8221;][vc_single_image image=&#8221;4690&#8243; img_size=&#8221;medium&#8221;][vc_empty_space height=&#8221;15px&#8221;][vc_column_text css=&#8221;&#8221; el_class=&#8221;grid_titulo&#8221;] What is a will and why is it important? [\/vc_column_text][vc_column_text css=&#8221;&#8221;]A will is the opportunity to ensure that your commitment to a cause endures even when you are no [&hellip;]<\/p>\n","protected":false},"author":2,"featured_media":0,"parent":4605,"menu_order":0,"comment_status":"closed","ping_status":"closed","template":"","meta":[],"yoast_head":"<!-- This site is optimized with the Yoast SEO plugin v19.4 - https:\/\/yoast.com\/wordpress\/plugins\/seo\/ -->\n<title>Wills &amp; Legacies - Cudeca Cancer Care Hospice<\/title>\n<meta name=\"robots\" content=\"index, follow, max-snippet:-1, max-image-preview:large, max-video-preview:-1\" \/>\n<link rel=\"canonical\" href=\"https:\/\/www.cudeca.org\/en\/get-involved\/leave-a-legacy\/\" \/>\n<meta property=\"og:locale\" content=\"en_US\" \/>\n<meta property=\"og:type\" content=\"article\" \/>\n<meta property=\"og:title\" content=\"Wills &amp; Legacies - Cudeca Cancer Care Hospice\" \/>\n<meta property=\"og:description\" content=\"[vc_row][vc_column][vc_column_text css=&#8221;&#8221; el_class=&#8221;frase_destacada&#8221;] With your will, a part of you will always remain here to help more people&lt;\/ [\/vc_column_text][vc_empty_space][\/vc_column][\/vc_row][vc_row][vc_column width=&#8221;1\/3&#8243; el_class=&#8221;grid_columnas&#8221;][vc_single_image image=&#8221;4690&#8243; img_size=&#8221;medium&#8221;][vc_empty_space height=&#8221;15px&#8221;][vc_column_text css=&#8221;&#8221; el_class=&#8221;grid_titulo&#8221;] What is a will and why is it important? [\/vc_column_text][vc_column_text css=&#8221;&#8221;]A will is the opportunity to ensure that your commitment to a cause endures even when you are no [&hellip;]\" \/>\n<meta property=\"og:url\" content=\"https:\/\/www.cudeca.org\/en\/get-involved\/leave-a-legacy\/\" \/>\n<meta property=\"og:site_name\" content=\"Cudeca Cancer Care Hospice\" \/>\n<meta property=\"article:publisher\" content=\"https:\/\/www.facebook.com\/AmigosDeCudeca\" \/>\n<meta property=\"article:modified_time\" content=\"2025-10-15T14:26:28+00:00\" \/>\n<meta name=\"twitter:card\" content=\"summary_large_image\" \/>\n<meta name=\"twitter:site\" content=\"@cudeca\" \/>\n<meta name=\"twitter:label1\" content=\"Est. reading time\" \/>\n\t<meta name=\"twitter:data1\" content=\"4 minutes\" \/>\n<script type=\"application\/ld+json\" class=\"yoast-schema-graph\">{\"@context\":\"https:\/\/schema.org\",\"@graph\":[{\"@type\":\"Organization\",\"@id\":\"https:\/\/www.cudeca.org\/#organization\",\"name\":\"Fundaci\u00f3n Cudeca\",\"url\":\"https:\/\/www.cudeca.org\/\",\"sameAs\":[\"https:\/\/www.youtube.com\/c\/cudecamalaga\",\"https:\/\/www.facebook.com\/AmigosDeCudeca\",\"https:\/\/twitter.com\/cudeca\"],\"logo\":{\"@type\":\"ImageObject\",\"inLanguage\":\"en-US\",\"@id\":\"https:\/\/www.cudeca.org\/#\/schema\/logo\/image\/\",\"url\":\"https:\/\/www.cudeca.org\/wp-content\/uploads\/2018\/02\/cudeca-logo.png\",\"contentUrl\":\"https:\/\/www.cudeca.org\/wp-content\/uploads\/2018\/02\/cudeca-logo.png\",\"width\":2121,\"height\":984,\"caption\":\"Fundaci\u00f3n Cudeca\"},\"image\":{\"@id\":\"https:\/\/www.cudeca.org\/#\/schema\/logo\/image\/\"}},{\"@type\":\"WebSite\",\"@id\":\"https:\/\/www.cudeca.org\/#website\",\"url\":\"https:\/\/www.cudeca.org\/\",\"name\":\"Fundaci\u00f3n Cudeca\",\"description\":\"Cudeca Hospice\",\"publisher\":{\"@id\":\"https:\/\/www.cudeca.org\/#organization\"},\"potentialAction\":[{\"@type\":\"SearchAction\",\"target\":{\"@type\":\"EntryPoint\",\"urlTemplate\":\"https:\/\/www.cudeca.org\/?s={search_term_string}\"},\"query-input\":\"required name=search_term_string\"}],\"inLanguage\":\"en-US\"},{\"@type\":\"WebPage\",\"@id\":\"https:\/\/www.cudeca.org\/en\/get-involved\/leave-a-legacy\/\",\"url\":\"https:\/\/www.cudeca.org\/en\/get-involved\/leave-a-legacy\/\",\"name\":\"Wills & Legacies - Cudeca Cancer Care Hospice\",\"isPartOf\":{\"@id\":\"https:\/\/www.cudeca.org\/#website\"},\"datePublished\":\"2017-10-03T15:38:21+00:00\",\"dateModified\":\"2025-10-15T14:26:28+00:00\",\"breadcrumb\":{\"@id\":\"https:\/\/www.cudeca.org\/en\/get-involved\/leave-a-legacy\/#breadcrumb\"},\"inLanguage\":\"en-US\",\"potentialAction\":[{\"@type\":\"ReadAction\",\"target\":[\"https:\/\/www.cudeca.org\/en\/get-involved\/leave-a-legacy\/\"]}]},{\"@type\":\"BreadcrumbList\",\"@id\":\"https:\/\/www.cudeca.org\/en\/get-involved\/leave-a-legacy\/#breadcrumb\",\"itemListElement\":[{\"@type\":\"ListItem\",\"position\":1,\"name\":\"Portada\",\"item\":\"https:\/\/www.cudeca.org\/\"},{\"@type\":\"ListItem\",\"position\":2,\"name\":\"C\u00d3MO PUEDES AYUDARNOS\",\"item\":\"https:\/\/www.cudeca.org\/como-puedes-ayudarnos\/\"},{\"@type\":\"ListItem\",\"position\":3,\"name\":\"Wills &#038; Legacies\"}]}]}<\/script>\n<!-- \/ Yoast SEO plugin. -->","yoast_head_json":{"title":"Wills & Legacies - Cudeca Cancer Care Hospice","robots":{"index":"index","follow":"follow","max-snippet":"max-snippet:-1","max-image-preview":"max-image-preview:large","max-video-preview":"max-video-preview:-1"},"canonical":"https:\/\/www.cudeca.org\/en\/get-involved\/leave-a-legacy\/","og_locale":"en_US","og_type":"article","og_title":"Wills & Legacies - Cudeca Cancer Care Hospice","og_description":"[vc_row][vc_column][vc_column_text css=&#8221;&#8221; el_class=&#8221;frase_destacada&#8221;] With your will, a part of you will always remain here to help more people&lt;\/ [\/vc_column_text][vc_empty_space][\/vc_column][\/vc_row][vc_row][vc_column width=&#8221;1\/3&#8243; el_class=&#8221;grid_columnas&#8221;][vc_single_image image=&#8221;4690&#8243; img_size=&#8221;medium&#8221;][vc_empty_space height=&#8221;15px&#8221;][vc_column_text css=&#8221;&#8221; el_class=&#8221;grid_titulo&#8221;] What is a will and why is it important? [\/vc_column_text][vc_column_text css=&#8221;&#8221;]A will is the opportunity to ensure that your commitment to a cause endures even when you are no [&hellip;]","og_url":"https:\/\/www.cudeca.org\/en\/get-involved\/leave-a-legacy\/","og_site_name":"Cudeca Cancer Care Hospice","article_publisher":"https:\/\/www.facebook.com\/AmigosDeCudeca","article_modified_time":"2025-10-15T14:26:28+00:00","twitter_card":"summary_large_image","twitter_site":"@cudeca","twitter_misc":{"Est. reading time":"4 minutes"},"schema":{"@context":"https:\/\/schema.org","@graph":[{"@type":"Organization","@id":"https:\/\/www.cudeca.org\/#organization","name":"Fundaci\u00f3n Cudeca","url":"https:\/\/www.cudeca.org\/","sameAs":["https:\/\/www.youtube.com\/c\/cudecamalaga","https:\/\/www.facebook.com\/AmigosDeCudeca","https:\/\/twitter.com\/cudeca"],"logo":{"@type":"ImageObject","inLanguage":"en-US","@id":"https:\/\/www.cudeca.org\/#\/schema\/logo\/image\/","url":"https:\/\/www.cudeca.org\/wp-content\/uploads\/2018\/02\/cudeca-logo.png","contentUrl":"https:\/\/www.cudeca.org\/wp-content\/uploads\/2018\/02\/cudeca-logo.png","width":2121,"height":984,"caption":"Fundaci\u00f3n Cudeca"},"image":{"@id":"https:\/\/www.cudeca.org\/#\/schema\/logo\/image\/"}},{"@type":"WebSite","@id":"https:\/\/www.cudeca.org\/#website","url":"https:\/\/www.cudeca.org\/","name":"Fundaci\u00f3n Cudeca","description":"Cudeca Hospice","publisher":{"@id":"https:\/\/www.cudeca.org\/#organization"},"potentialAction":[{"@type":"SearchAction","target":{"@type":"EntryPoint","urlTemplate":"https:\/\/www.cudeca.org\/?s={search_term_string}"},"query-input":"required name=search_term_string"}],"inLanguage":"en-US"},{"@type":"WebPage","@id":"https:\/\/www.cudeca.org\/en\/get-involved\/leave-a-legacy\/","url":"https:\/\/www.cudeca.org\/en\/get-involved\/leave-a-legacy\/","name":"Wills & Legacies - Cudeca Cancer Care Hospice","isPartOf":{"@id":"https:\/\/www.cudeca.org\/#website"},"datePublished":"2017-10-03T15:38:21+00:00","dateModified":"2025-10-15T14:26:28+00:00","breadcrumb":{"@id":"https:\/\/www.cudeca.org\/en\/get-involved\/leave-a-legacy\/#breadcrumb"},"inLanguage":"en-US","potentialAction":[{"@type":"ReadAction","target":["https:\/\/www.cudeca.org\/en\/get-involved\/leave-a-legacy\/"]}]},{"@type":"BreadcrumbList","@id":"https:\/\/www.cudeca.org\/en\/get-involved\/leave-a-legacy\/#breadcrumb","itemListElement":[{"@type":"ListItem","position":1,"name":"Portada","item":"https:\/\/www.cudeca.org\/"},{"@type":"ListItem","position":2,"name":"C\u00d3MO PUEDES AYUDARNOS","item":"https:\/\/www.cudeca.org\/como-puedes-ayudarnos\/"},{"@type":"ListItem","position":3,"name":"Wills &#038; Legacies"}]}]}},"_links":{"self":[{"href":"https:\/\/www.cudeca.org\/en\/wp-json\/wp\/v2\/pages\/4758"}],"collection":[{"href":"https:\/\/www.cudeca.org\/en\/wp-json\/wp\/v2\/pages"}],"about":[{"href":"https:\/\/www.cudeca.org\/en\/wp-json\/wp\/v2\/types\/page"}],"author":[{"embeddable":true,"href":"https:\/\/www.cudeca.org\/en\/wp-json\/wp\/v2\/users\/2"}],"replies":[{"embeddable":true,"href":"https:\/\/www.cudeca.org\/en\/wp-json\/wp\/v2\/comments?post=4758"}],"version-history":[{"count":155,"href":"https:\/\/www.cudeca.org\/en\/wp-json\/wp\/v2\/pages\/4758\/revisions"}],"predecessor-version":[{"id":31806,"href":"https:\/\/www.cudeca.org\/en\/wp-json\/wp\/v2\/pages\/4758\/revisions\/31806"}],"up":[{"embeddable":true,"href":"https:\/\/www.cudeca.org\/en\/wp-json\/wp\/v2\/pages\/4605"}],"wp:attachment":[{"href":"https:\/\/www.cudeca.org\/en\/wp-json\/wp\/v2\/media?parent=4758"}],"curies":[{"name":"wp","href":"https:\/\/api.w.org\/{rel}","templated":true}]}}