{"id":21880,"date":"2019-09-12T11:04:19","date_gmt":"2019-09-12T11:04:19","guid":{"rendered":"https:\/\/www.cudeca.org\/?page_id=21880"},"modified":"2020-03-09T17:37:18","modified_gmt":"2020-03-09T17:37:18","slug":"nuestros-cursos-2-2","status":"publish","type":"page","link":"https:\/\/www.cudeca.org\/en\/training-and-research\/nuestros-cursos\/talleres-enfocados\/nuestros-cursos-2-2\/","title":{"rendered":"Curso Fisioterapia oncol\u00f3gica y paliativa"},"content":{"rendered":"<div class=\"wpb-content-wrapper\"><p><\/p>\n<p>[vc_row][vc_column width=&#8221;&#8221; css=&#8221;.vc_custom_1565785805337{border-top-width: 10px !important;border-bottom-width: 10px !important;padding-top: 15px !important;padding-bottom: 15px !important;background-color: #009435 !important;border-radius: 5px !important;}&#8221;][vc_column_text]<\/p>\n<h4 style=\"text-align: center;\"><span style=\"color: #ffffff;\">La Fundaci\u00f3n Cudeca realiza cursos, jornadas y talleres de distinto nivel de especializaci\u00f3n en cuidados paliativos.\u00a0Estos cursos est\u00e1n pensados para profesionales socio-sanitarios, instituciones cl\u00ednicas y residencias que quieran mejorar la asistencia al final de la vida<\/span><\/h4>\n<p>[\/vc_column_text][\/vc_column][\/vc_row][vc_row][vc_column][vc_column_text][\/vc_column_text][vc_column_text]<\/p>\n<p style=\"text-align: left;\"><span style=\"color: #333333;\">La Fundaci\u00f3n Cudeca realiza cursos, jornadas y talleres de distinto nivel de especializaci\u00f3n en cuidados paliativos. Estos cursos est\u00e1n pensados para profesionales socio-sanitarios, instituciones cl\u00ednicas y residencias que quieran mejorar la asistencia al final de la vida. Constituyen una fuente de formaci\u00f3n especializada en los principales temas que ata\u00f1en a los cuidados paliativos.<\/span><\/p>\n<p><span style=\"color: #333333;\">De metodolog\u00eda variable, suelen estar organizadas en torno a conferencias de una figura relevante en el campo de estudio que abarcan, seguido de debates con los participantes y casos pr\u00e1cticos, con o sin simulaci\u00f3n cl\u00ednica.<\/span><\/p>\n<p><span style=\"color: #333333;\">Est\u00e1n dise\u00f1ados para profesionales sanitarios (m\u00e9dicos, enfermeros, psic\u00f3logos, trabajadores sociales, fisioterapeutas.), que necesiten conocimientos y herramientas pr\u00e1cticas sobre cuidados paliativos en su d\u00eda a d\u00eda profesional.<\/span>[\/vc_column_text][vc_column_text]<\/p>\n<h3><\/h3>\n<h3><\/h3>\n<p>[\/vc_column_text][vc_column_text][\/vc_column_text][vc_column_text css=&#8221;.vc_custom_1568289669365{background-color: #009435 !important;}&#8221;]<\/p>\n<h3><span style=\"color: #ffffff;\">Curso de Fisioterapia Oncol\u00f3gica y Paliativa<\/span><\/h3>\n<p><span style=\"color: #ffffff;\"> (<em>en colaboraci\u00f3n con el\u00a0<a style=\"color: #ffffff;\" href=\"https:\/\/www.colfisio.org\/index.php\" target=\"_blank\" rel=\"noopener noreferrer\">Iltre. Colegio de Fisoterapeutas de M\u00e1laga<\/a>)<\/em><\/span>[\/vc_column_text][\/vc_column][\/vc_row][vc_row][vc_column width=&#8221;2\/3&#8243;][vc_column_text]<span style=\"color: #008000;\"><strong>A qui\u00e9n va dirigido<\/strong><\/span><\/p>\n<p>Profesionales fisioterapeutas que deseen conocer habilidades de fisioterapia para abordar adecuadamente al paciente con c\u00e1ncer en fase curativa y fase paliativa.<\/p>\n<p><span style=\"color: #008000;\"><strong>Objetivo general<\/strong><\/span><\/p>\n<ul>\n<li>Aportar al participante los conocimientos y habilidades de fisioterapia que permitan el abordaje adecuado del paciente con c\u00e1ncer en fase curativa y fase paliativa.<\/li>\n<\/ul>\n<p><span style=\"color: #008000;\"><strong>Objetivos espec\u00edficos<\/strong><\/span><\/p>\n<ul>\n<li>Integrar el trabajo del fisioterapeuta en el abordaje interdisciplinar del paciente con c\u00e1ncer.<\/li>\n<li>Desarrollar habilidades b\u00e1sicas para la comunicaci\u00f3n terap\u00e9utica. Identificar barreras y condicionantes que determinan el proceso de comunicaci\u00f3n con el paciente con c\u00e1ncer y su familia.<\/li>\n<li>Adquirir conocimientos y habilidades espec\u00edficas para el tratamiento fisioterap\u00e9utico del paciente con c\u00e1ncer.<\/li>\n<\/ul>\n<p><span style=\"color: #008000;\"><strong>Qu\u00e9 sabr\u00e1 hacer despu\u00e9s del curso<\/strong><\/span><\/p>\n<ul>\n<li>Realizar una valoraci\u00f3n integral de necesidades del paciente con c\u00e1ncer.<\/li>\n<li>Planificar y aplicar el tratamiento adecuado de fisioterapia para cada paciente oncol\u00f3gico.<\/li>\n<li>Manejar las habilidades de comunicaci\u00f3n con el paciente oncol\u00f3gico y su familia.<\/li>\n<\/ul>\n<p>[\/vc_column_text][\/vc_column][vc_column width=&#8221;1\/3&#8243;][vc_column_text]<img loading=\"lazy\" class=\"size-medium wp-image-21877 aligncenter\" src=\"https:\/\/www.cudeca.org\/wp-content\/uploads\/2019\/09\/MG_9527-300x200.jpg\" alt=\"\" width=\"300\" height=\"200\" srcset=\"https:\/\/www.cudeca.org\/wp-content\/uploads\/2019\/09\/MG_9527-300x200.jpg 300w, https:\/\/www.cudeca.org\/wp-content\/uploads\/2019\/09\/MG_9527-768x512.jpg 768w, https:\/\/www.cudeca.org\/wp-content\/uploads\/2019\/09\/MG_9527-1024x683.jpg 1024w\" sizes=\"(max-width: 300px) 85vw, 300px\" \/>[\/vc_column_text][vc_cta h2=&#8221;&#8221;]<\/p>\n<div>\n<div>\n<p><span style=\"color: #008000;\">Modalidad<\/span> Presencial<\/p>\n<p><span style=\"color: #008000;\">Fechas<\/span>: 29 y 30 de noviembre de 2019; y 1 de diciembre de 2020 (viernes, s\u00e1bado y domingo)<\/p>\n<p><span style=\"color: #008000;\">Horario<\/span>: viernes de 16-21h.; S\u00e1bado de 9-14h. y 15:30-19:30; Domingo de 9-15h.<\/p>\n<p><span style=\"color: #008000;\">Lugar<\/span>: Colegio de M\u00e9dicos de M\u00e1laga (C\/ Curtidores, 1)<\/p>\n<p><span style=\"color: #008000;\">N\u00famero de plazas<\/span>: 26 (29+1 reservada a colegiados con discapacidad\/diversidad funcional)<\/div>\n<\/div>\n<p>[\/vc_cta][\/vc_column][\/vc_row][vc_row][vc_column][vc_column_text css=&#8221;.vc_custom_1568289732470{background-color: #cecece !important;}&#8221;]<\/p>\n<div>\n<div class=\"titulo-bloque\"><span style=\"color: #008000;\">Inscripciones al Curso<\/span>:\u00a0<strong> En el Iltre. Colegio de Fisioterapeutas:<\/strong><\/div>\n<div><a href=\"https:\/\/www.colfisio.org\/atencion_a_colegiados\/cursos\/2385_FISIOTERAPIA_ONCOLOGICA_Y_PALIATIVA.html\" target=\"_blank\" rel=\"noopener noreferrer\">https:\/\/www.colfisio.org\/atencion_a_colegiados\/cursos\/2385_FISIOTERAPIA_ONCOLOGICA_Y_PALIATIVA.html<\/a><\/div>\n<div class=\"titulo-bloque\">Tel.: 954 988 850<\/div>\n<\/div>\n<div>\n<div class=\"titulo-bloque\"><img loading=\"lazy\" class=\"aligncenter size-full wp-image-21881\" src=\"https:\/\/www.cudeca.org\/wp-content\/uploads\/2019\/09\/logo-colfisio.jpg\" alt=\"\" width=\"150\" height=\"150\" srcset=\"https:\/\/www.cudeca.org\/wp-content\/uploads\/2019\/09\/logo-colfisio.jpg 150w, https:\/\/www.cudeca.org\/wp-content\/uploads\/2019\/09\/logo-colfisio-60x60.jpg 60w\" sizes=\"(max-width: 150px) 85vw, 150px\" \/><\/div>\n<\/div>\n<p>[\/vc_column_text][\/vc_column][\/vc_row]<\/p>\n<p><\/p>\n<\/div>","protected":false},"excerpt":{"rendered":"<p>[vc_row][vc_column width=&#8221;&#8221; css=&#8221;.vc_custom_1565785805337{border-top-width: 10px !important;border-bottom-width: 10px !important;padding-top: 15px !important;padding-bottom: 15px !important;background-color: #009435 !important;border-radius: 5px !important;}&#8221;][vc_column_text] La Fundaci\u00f3n Cudeca realiza cursos, jornadas y talleres de distinto nivel de especializaci\u00f3n en cuidados paliativos.\u00a0Estos cursos est\u00e1n pensados para profesionales socio-sanitarios, instituciones cl\u00ednicas y residencias que quieran mejorar la asistencia al final de la vida [\/vc_column_text][\/vc_column][\/vc_row][vc_row][vc_column][vc_column_text][\/vc_column_text][vc_column_text] La Fundaci\u00f3n Cudeca [&hellip;]<\/p>\n","protected":false},"author":101015,"featured_media":0,"parent":21709,"menu_order":1,"comment_status":"closed","ping_status":"closed","template":"","meta":[],"yoast_head":"<!-- This site is optimized with the Yoast SEO plugin v19.4 - https:\/\/yoast.com\/wordpress\/plugins\/seo\/ -->\n<title>Curso Fisioterapia oncol\u00f3gica y paliativa - Cudeca Cancer Care Hospice<\/title>\n<meta name=\"robots\" content=\"index, follow, max-snippet:-1, max-image-preview:large, max-video-preview:-1\" \/>\n<link rel=\"canonical\" href=\"https:\/\/www.cudeca.org\/formacion-e-investigacion\/nuestros-cursos\/talleres-enfocados\/nuestros-cursos-2-2\/\" \/>\n<meta property=\"og:locale\" content=\"en_US\" \/>\n<meta property=\"og:type\" content=\"article\" \/>\n<meta property=\"og:title\" content=\"Curso Fisioterapia oncol\u00f3gica y paliativa - Cudeca Cancer Care Hospice\" \/>\n<meta property=\"og:description\" content=\"[vc_row][vc_column width=&#8221;&#8221; css=&#8221;.vc_custom_1565785805337{border-top-width: 10px !important;border-bottom-width: 10px !important;padding-top: 15px !important;padding-bottom: 15px !important;background-color: #009435 !important;border-radius: 5px !important;}&#8221;][vc_column_text] La Fundaci\u00f3n Cudeca realiza cursos, jornadas y talleres de distinto nivel de especializaci\u00f3n en cuidados paliativos.\u00a0Estos cursos est\u00e1n pensados para profesionales socio-sanitarios, instituciones cl\u00ednicas y residencias que quieran mejorar la asistencia al final de la vida [\/vc_column_text][\/vc_column][\/vc_row][vc_row][vc_column][vc_column_text][\/vc_column_text][vc_column_text] La Fundaci\u00f3n Cudeca [&hellip;]\" \/>\n<meta property=\"og:url\" content=\"https:\/\/www.cudeca.org\/formacion-e-investigacion\/nuestros-cursos\/talleres-enfocados\/nuestros-cursos-2-2\/\" \/>\n<meta property=\"og:site_name\" content=\"Cudeca Cancer Care Hospice\" \/>\n<meta property=\"article:publisher\" content=\"https:\/\/www.facebook.com\/AmigosDeCudeca\" \/>\n<meta property=\"article:modified_time\" content=\"2020-03-09T17:37:18+00:00\" \/>\n<meta property=\"og:image\" content=\"https:\/\/www.cudeca.org\/wp-content\/uploads\/2019\/09\/logo-colfisio.jpg\" \/>\n<meta name=\"twitter:card\" content=\"summary_large_image\" \/>\n<meta name=\"twitter:site\" content=\"@cudeca\" \/>\n<meta name=\"twitter:label1\" content=\"Est. reading time\" \/>\n\t<meta name=\"twitter:data1\" content=\"5 minutes\" \/>\n<script type=\"application\/ld+json\" class=\"yoast-schema-graph\">{\"@context\":\"https:\/\/schema.org\",\"@graph\":[{\"@type\":\"Organization\",\"@id\":\"https:\/\/www.cudeca.org\/#organization\",\"name\":\"Fundaci\u00f3n Cudeca\",\"url\":\"https:\/\/www.cudeca.org\/\",\"sameAs\":[\"https:\/\/www.youtube.com\/c\/cudecamalaga\",\"https:\/\/www.facebook.com\/AmigosDeCudeca\",\"https:\/\/twitter.com\/cudeca\"],\"logo\":{\"@type\":\"ImageObject\",\"inLanguage\":\"en-US\",\"@id\":\"https:\/\/www.cudeca.org\/#\/schema\/logo\/image\/\",\"url\":\"https:\/\/www.cudeca.org\/wp-content\/uploads\/2018\/02\/cudeca-logo.png\",\"contentUrl\":\"https:\/\/www.cudeca.org\/wp-content\/uploads\/2018\/02\/cudeca-logo.png\",\"width\":2121,\"height\":984,\"caption\":\"Fundaci\u00f3n Cudeca\"},\"image\":{\"@id\":\"https:\/\/www.cudeca.org\/#\/schema\/logo\/image\/\"}},{\"@type\":\"WebSite\",\"@id\":\"https:\/\/www.cudeca.org\/#website\",\"url\":\"https:\/\/www.cudeca.org\/\",\"name\":\"Fundaci\u00f3n Cudeca\",\"description\":\"Cudeca Hospice\",\"publisher\":{\"@id\":\"https:\/\/www.cudeca.org\/#organization\"},\"potentialAction\":[{\"@type\":\"SearchAction\",\"target\":{\"@type\":\"EntryPoint\",\"urlTemplate\":\"https:\/\/www.cudeca.org\/?s={search_term_string}\"},\"query-input\":\"required name=search_term_string\"}],\"inLanguage\":\"en-US\"},{\"@type\":\"WebPage\",\"@id\":\"https:\/\/www.cudeca.org\/formacion-e-investigacion\/nuestros-cursos\/talleres-enfocados\/nuestros-cursos-2-2\/\",\"url\":\"https:\/\/www.cudeca.org\/formacion-e-investigacion\/nuestros-cursos\/talleres-enfocados\/nuestros-cursos-2-2\/\",\"name\":\"Curso Fisioterapia oncol\u00f3gica y paliativa - Cudeca Cancer Care Hospice\",\"isPartOf\":{\"@id\":\"https:\/\/www.cudeca.org\/#website\"},\"datePublished\":\"2019-09-12T11:04:19+00:00\",\"dateModified\":\"2020-03-09T17:37:18+00:00\",\"breadcrumb\":{\"@id\":\"https:\/\/www.cudeca.org\/formacion-e-investigacion\/nuestros-cursos\/talleres-enfocados\/nuestros-cursos-2-2\/#breadcrumb\"},\"inLanguage\":\"en-US\",\"potentialAction\":[{\"@type\":\"ReadAction\",\"target\":[\"https:\/\/www.cudeca.org\/formacion-e-investigacion\/nuestros-cursos\/talleres-enfocados\/nuestros-cursos-2-2\/\"]}]},{\"@type\":\"BreadcrumbList\",\"@id\":\"https:\/\/www.cudeca.org\/formacion-e-investigacion\/nuestros-cursos\/talleres-enfocados\/nuestros-cursos-2-2\/#breadcrumb\",\"itemListElement\":[{\"@type\":\"ListItem\",\"position\":1,\"name\":\"Portada\",\"item\":\"https:\/\/www.cudeca.org\/\"},{\"@type\":\"ListItem\",\"position\":2,\"name\":\"Formaci\u00f3n e Investigaci\u00f3n\",\"item\":\"https:\/\/www.cudeca.org\/formacion-e-investigacion\/\"},{\"@type\":\"ListItem\",\"position\":3,\"name\":\"Nuestros cursos\",\"item\":\"https:\/\/www.cudeca.org\/formacion-e-investigacion\/nuestros-cursos\/\"},{\"@type\":\"ListItem\",\"position\":4,\"name\":\"Talleres Enfocados\",\"item\":\"https:\/\/www.cudeca.org\/formacion-e-investigacion\/nuestros-cursos\/talleres-enfocados\/\"},{\"@type\":\"ListItem\",\"position\":5,\"name\":\"Curso Fisioterapia oncol\u00f3gica y paliativa\"}]}]}<\/script>\n<!-- \/ Yoast SEO plugin. -->","yoast_head_json":{"title":"Curso Fisioterapia oncol\u00f3gica y paliativa - Cudeca Cancer Care Hospice","robots":{"index":"index","follow":"follow","max-snippet":"max-snippet:-1","max-image-preview":"max-image-preview:large","max-video-preview":"max-video-preview:-1"},"canonical":"https:\/\/www.cudeca.org\/formacion-e-investigacion\/nuestros-cursos\/talleres-enfocados\/nuestros-cursos-2-2\/","og_locale":"en_US","og_type":"article","og_title":"Curso Fisioterapia oncol\u00f3gica y paliativa - Cudeca Cancer Care Hospice","og_description":"[vc_row][vc_column width=&#8221;&#8221; css=&#8221;.vc_custom_1565785805337{border-top-width: 10px !important;border-bottom-width: 10px !important;padding-top: 15px !important;padding-bottom: 15px !important;background-color: #009435 !important;border-radius: 5px !important;}&#8221;][vc_column_text] La Fundaci\u00f3n Cudeca realiza cursos, jornadas y talleres de distinto nivel de especializaci\u00f3n en cuidados paliativos.\u00a0Estos cursos est\u00e1n pensados para profesionales socio-sanitarios, instituciones cl\u00ednicas y residencias que quieran mejorar la asistencia al final de la vida [\/vc_column_text][\/vc_column][\/vc_row][vc_row][vc_column][vc_column_text][\/vc_column_text][vc_column_text] La Fundaci\u00f3n Cudeca [&hellip;]","og_url":"https:\/\/www.cudeca.org\/formacion-e-investigacion\/nuestros-cursos\/talleres-enfocados\/nuestros-cursos-2-2\/","og_site_name":"Cudeca Cancer Care Hospice","article_publisher":"https:\/\/www.facebook.com\/AmigosDeCudeca","article_modified_time":"2020-03-09T17:37:18+00:00","og_image":[{"url":"https:\/\/www.cudeca.org\/wp-content\/uploads\/2019\/09\/logo-colfisio.jpg"}],"twitter_card":"summary_large_image","twitter_site":"@cudeca","twitter_misc":{"Est. reading time":"5 minutes"},"schema":{"@context":"https:\/\/schema.org","@graph":[{"@type":"Organization","@id":"https:\/\/www.cudeca.org\/#organization","name":"Fundaci\u00f3n Cudeca","url":"https:\/\/www.cudeca.org\/","sameAs":["https:\/\/www.youtube.com\/c\/cudecamalaga","https:\/\/www.facebook.com\/AmigosDeCudeca","https:\/\/twitter.com\/cudeca"],"logo":{"@type":"ImageObject","inLanguage":"en-US","@id":"https:\/\/www.cudeca.org\/#\/schema\/logo\/image\/","url":"https:\/\/www.cudeca.org\/wp-content\/uploads\/2018\/02\/cudeca-logo.png","contentUrl":"https:\/\/www.cudeca.org\/wp-content\/uploads\/2018\/02\/cudeca-logo.png","width":2121,"height":984,"caption":"Fundaci\u00f3n Cudeca"},"image":{"@id":"https:\/\/www.cudeca.org\/#\/schema\/logo\/image\/"}},{"@type":"WebSite","@id":"https:\/\/www.cudeca.org\/#website","url":"https:\/\/www.cudeca.org\/","name":"Fundaci\u00f3n Cudeca","description":"Cudeca Hospice","publisher":{"@id":"https:\/\/www.cudeca.org\/#organization"},"potentialAction":[{"@type":"SearchAction","target":{"@type":"EntryPoint","urlTemplate":"https:\/\/www.cudeca.org\/?s={search_term_string}"},"query-input":"required name=search_term_string"}],"inLanguage":"en-US"},{"@type":"WebPage","@id":"https:\/\/www.cudeca.org\/formacion-e-investigacion\/nuestros-cursos\/talleres-enfocados\/nuestros-cursos-2-2\/","url":"https:\/\/www.cudeca.org\/formacion-e-investigacion\/nuestros-cursos\/talleres-enfocados\/nuestros-cursos-2-2\/","name":"Curso Fisioterapia oncol\u00f3gica y paliativa - Cudeca Cancer Care Hospice","isPartOf":{"@id":"https:\/\/www.cudeca.org\/#website"},"datePublished":"2019-09-12T11:04:19+00:00","dateModified":"2020-03-09T17:37:18+00:00","breadcrumb":{"@id":"https:\/\/www.cudeca.org\/formacion-e-investigacion\/nuestros-cursos\/talleres-enfocados\/nuestros-cursos-2-2\/#breadcrumb"},"inLanguage":"en-US","potentialAction":[{"@type":"ReadAction","target":["https:\/\/www.cudeca.org\/formacion-e-investigacion\/nuestros-cursos\/talleres-enfocados\/nuestros-cursos-2-2\/"]}]},{"@type":"BreadcrumbList","@id":"https:\/\/www.cudeca.org\/formacion-e-investigacion\/nuestros-cursos\/talleres-enfocados\/nuestros-cursos-2-2\/#breadcrumb","itemListElement":[{"@type":"ListItem","position":1,"name":"Portada","item":"https:\/\/www.cudeca.org\/"},{"@type":"ListItem","position":2,"name":"Formaci\u00f3n e Investigaci\u00f3n","item":"https:\/\/www.cudeca.org\/formacion-e-investigacion\/"},{"@type":"ListItem","position":3,"name":"Nuestros cursos","item":"https:\/\/www.cudeca.org\/formacion-e-investigacion\/nuestros-cursos\/"},{"@type":"ListItem","position":4,"name":"Talleres Enfocados","item":"https:\/\/www.cudeca.org\/formacion-e-investigacion\/nuestros-cursos\/talleres-enfocados\/"},{"@type":"ListItem","position":5,"name":"Curso Fisioterapia oncol\u00f3gica y paliativa"}]}]}},"_links":{"self":[{"href":"https:\/\/www.cudeca.org\/en\/wp-json\/wp\/v2\/pages\/21880"}],"collection":[{"href":"https:\/\/www.cudeca.org\/en\/wp-json\/wp\/v2\/pages"}],"about":[{"href":"https:\/\/www.cudeca.org\/en\/wp-json\/wp\/v2\/types\/page"}],"author":[{"embeddable":true,"href":"https:\/\/www.cudeca.org\/en\/wp-json\/wp\/v2\/users\/101015"}],"replies":[{"embeddable":true,"href":"https:\/\/www.cudeca.org\/en\/wp-json\/wp\/v2\/comments?post=21880"}],"version-history":[{"count":13,"href":"https:\/\/www.cudeca.org\/en\/wp-json\/wp\/v2\/pages\/21880\/revisions"}],"predecessor-version":[{"id":23599,"href":"https:\/\/www.cudeca.org\/en\/wp-json\/wp\/v2\/pages\/21880\/revisions\/23599"}],"up":[{"embeddable":true,"href":"https:\/\/www.cudeca.org\/en\/wp-json\/wp\/v2\/pages\/21709"}],"wp:attachment":[{"href":"https:\/\/www.cudeca.org\/en\/wp-json\/wp\/v2\/media?parent=21880"}],"curies":[{"name":"wp","href":"https:\/\/api.w.org\/{rel}","templated":true}]}}