{"id":18362,"date":"2018-09-07T11:50:04","date_gmt":"2018-09-07T11:50:04","guid":{"rendered":"https:\/\/www.cudeca.org\/?page_id=18362"},"modified":"2020-10-05T10:14:40","modified_gmt":"2020-10-05T10:14:40","slug":"centro-de-estudios-e-investigacion-yusuf-hamied","status":"publish","type":"page","link":"https:\/\/www.cudeca.org\/en\/training-and-research\/centro-de-estudios-e-investigacion-yusuf-hamied\/","title":{"rendered":"Instituto Cudeca de Estudios e Investigaci\u00f3n en Cuidados Paliativos"},"content":{"rendered":"<p class=\"qtranxs-available-languages-message qtranxs-available-languages-message-en\">Sorry, this entry is only available in <a href=\"https:\/\/www.cudeca.org\/es\/wp-json\/wp\/v2\/pages\/18362\" class=\"qtranxs-available-language-link qtranxs-available-language-link-es\" title=\"Espa\u00f1ol\">European Spanish<\/a>.<\/p>","protected":false},"excerpt":{"rendered":"<p>Sorry, this entry is only available in European Spanish.<\/p>\n","protected":false},"author":101015,"featured_media":18141,"parent":4847,"menu_order":3,"comment_status":"closed","ping_status":"closed","template":"","meta":[],"yoast_head":"<!-- This site is optimized with the Yoast SEO plugin v19.4 - https:\/\/yoast.com\/wordpress\/plugins\/seo\/ -->\n<title>Instituto Cudeca de Estudios e Investigaci\u00f3n en Cuidados Paliativos - Cudeca Cancer Care Hospice<\/title>\n<meta name=\"description\" content=\"Cudeca construir\u00e1 un Centro de Estudios e Investigaci\u00f3n en Cuidados Paliativos. Con \u00e9l se har\u00e1 realidad la visi\u00f3n fundacional de contribuir a la formaci\u00f3n de profesionales que sepan a\u00f1adir vida a los d\u00edas, empleando la forma especial de cuidar de Cudeca.\" \/>\n<meta name=\"robots\" content=\"index, follow, max-snippet:-1, max-image-preview:large, max-video-preview:-1\" \/>\n<link rel=\"canonical\" href=\"https:\/\/www.cudeca.org\/en\/training-and-research\/centro-de-estudios-e-investigacion-yusuf-hamied\/\" \/>\n<meta property=\"og:locale\" content=\"en_US\" \/>\n<meta property=\"og:type\" content=\"article\" \/>\n<meta property=\"og:title\" content=\"Instituto Cudeca de Estudios e Investigaci\u00f3n en Cuidados Paliativos - Cudeca Cancer Care Hospice\" \/>\n<meta property=\"og:description\" content=\"Cudeca construir\u00e1 un Centro de Estudios e Investigaci\u00f3n en Cuidados Paliativos. Con \u00e9l se har\u00e1 realidad la visi\u00f3n fundacional de contribuir a la formaci\u00f3n de profesionales que sepan a\u00f1adir vida a los d\u00edas, empleando la forma especial de cuidar de Cudeca.\" \/>\n<meta property=\"og:url\" content=\"https:\/\/www.cudeca.org\/en\/training-and-research\/centro-de-estudios-e-investigacion-yusuf-hamied\/\" \/>\n<meta property=\"og:site_name\" content=\"Cudeca Cancer Care Hospice\" \/>\n<meta property=\"article:publisher\" content=\"https:\/\/www.facebook.com\/AmigosDeCudeca\" \/>\n<meta property=\"article:modified_time\" content=\"2020-10-05T10:14:40+00:00\" \/>\n<meta property=\"og:image\" content=\"https:\/\/www.cudeca.org\/wp-content\/uploads\/2018\/07\/PRIMERA-PIEDRA-CENTRO-YUSUF-238-de-459.jpg\" \/>\n\t<meta property=\"og:image:width\" content=\"5760\" \/>\n\t<meta property=\"og:image:height\" content=\"3840\" \/>\n\t<meta property=\"og:image:type\" content=\"image\/jpeg\" \/>\n<meta name=\"twitter:card\" content=\"summary_large_image\" \/>\n<meta name=\"twitter:site\" content=\"@cudeca\" \/>\n<meta name=\"twitter:label1\" content=\"Est. reading time\" \/>\n\t<meta name=\"twitter:data1\" content=\"2 minutes\" \/>\n<script type=\"application\/ld+json\" class=\"yoast-schema-graph\">{\"@context\":\"https:\/\/schema.org\",\"@graph\":[{\"@type\":\"Organization\",\"@id\":\"https:\/\/www.cudeca.org\/#organization\",\"name\":\"Fundaci\u00f3n Cudeca\",\"url\":\"https:\/\/www.cudeca.org\/\",\"sameAs\":[\"https:\/\/www.youtube.com\/c\/cudecamalaga\",\"https:\/\/www.facebook.com\/AmigosDeCudeca\",\"https:\/\/twitter.com\/cudeca\"],\"logo\":{\"@type\":\"ImageObject\",\"inLanguage\":\"en-US\",\"@id\":\"https:\/\/www.cudeca.org\/#\/schema\/logo\/image\/\",\"url\":\"https:\/\/www.cudeca.org\/wp-content\/uploads\/2018\/02\/cudeca-logo.png\",\"contentUrl\":\"https:\/\/www.cudeca.org\/wp-content\/uploads\/2018\/02\/cudeca-logo.png\",\"width\":2121,\"height\":984,\"caption\":\"Fundaci\u00f3n Cudeca\"},\"image\":{\"@id\":\"https:\/\/www.cudeca.org\/#\/schema\/logo\/image\/\"}},{\"@type\":\"WebSite\",\"@id\":\"https:\/\/www.cudeca.org\/#website\",\"url\":\"https:\/\/www.cudeca.org\/\",\"name\":\"Fundaci\u00f3n Cudeca\",\"description\":\"Cudeca Hospice\",\"publisher\":{\"@id\":\"https:\/\/www.cudeca.org\/#organization\"},\"potentialAction\":[{\"@type\":\"SearchAction\",\"target\":{\"@type\":\"EntryPoint\",\"urlTemplate\":\"https:\/\/www.cudeca.org\/?s={search_term_string}\"},\"query-input\":\"required name=search_term_string\"}],\"inLanguage\":\"en-US\"},{\"@type\":\"WebPage\",\"@id\":\"https:\/\/www.cudeca.org\/en\/training-and-research\/centro-de-estudios-e-investigacion-yusuf-hamied\/\",\"url\":\"https:\/\/www.cudeca.org\/en\/training-and-research\/centro-de-estudios-e-investigacion-yusuf-hamied\/\",\"name\":\"Instituto Cudeca de Estudios e Investigaci\u00f3n en Cuidados Paliativos - Cudeca Cancer Care Hospice\",\"isPartOf\":{\"@id\":\"https:\/\/www.cudeca.org\/#website\"},\"datePublished\":\"2018-09-07T11:50:04+00:00\",\"dateModified\":\"2020-10-05T10:14:40+00:00\",\"description\":\"Cudeca construir\u00e1 un Centro de Estudios e Investigaci\u00f3n en Cuidados Paliativos. Con \u00e9l se har\u00e1 realidad la visi\u00f3n fundacional de contribuir a la formaci\u00f3n de profesionales que sepan a\u00f1adir vida a los d\u00edas, empleando la forma especial de cuidar de Cudeca.\",\"breadcrumb\":{\"@id\":\"https:\/\/www.cudeca.org\/en\/training-and-research\/centro-de-estudios-e-investigacion-yusuf-hamied\/#breadcrumb\"},\"inLanguage\":\"en-US\",\"potentialAction\":[{\"@type\":\"ReadAction\",\"target\":[\"https:\/\/www.cudeca.org\/en\/training-and-research\/centro-de-estudios-e-investigacion-yusuf-hamied\/\"]}]},{\"@type\":\"BreadcrumbList\",\"@id\":\"https:\/\/www.cudeca.org\/en\/training-and-research\/centro-de-estudios-e-investigacion-yusuf-hamied\/#breadcrumb\",\"itemListElement\":[{\"@type\":\"ListItem\",\"position\":1,\"name\":\"Portada\",\"item\":\"https:\/\/www.cudeca.org\/\"},{\"@type\":\"ListItem\",\"position\":2,\"name\":\"Formaci\u00f3n e Investigaci\u00f3n\",\"item\":\"https:\/\/www.cudeca.org\/formacion-e-investigacion\/\"},{\"@type\":\"ListItem\",\"position\":3,\"name\":\"Instituto Cudeca de Estudios e Investigaci\u00f3n en Cuidados Paliativos\"}]}]}<\/script>\n<!-- \/ Yoast SEO plugin. -->","yoast_head_json":{"title":"Instituto Cudeca de Estudios e Investigaci\u00f3n en Cuidados Paliativos - Cudeca Cancer Care Hospice","description":"Cudeca construir\u00e1 un Centro de Estudios e Investigaci\u00f3n en Cuidados Paliativos. Con \u00e9l se har\u00e1 realidad la visi\u00f3n fundacional de contribuir a la formaci\u00f3n de profesionales que sepan a\u00f1adir vida a los d\u00edas, empleando la forma especial de cuidar de Cudeca.","robots":{"index":"index","follow":"follow","max-snippet":"max-snippet:-1","max-image-preview":"max-image-preview:large","max-video-preview":"max-video-preview:-1"},"canonical":"https:\/\/www.cudeca.org\/en\/training-and-research\/centro-de-estudios-e-investigacion-yusuf-hamied\/","og_locale":"en_US","og_type":"article","og_title":"Instituto Cudeca de Estudios e Investigaci\u00f3n en Cuidados Paliativos - Cudeca Cancer Care Hospice","og_description":"Cudeca construir\u00e1 un Centro de Estudios e Investigaci\u00f3n en Cuidados Paliativos. Con \u00e9l se har\u00e1 realidad la visi\u00f3n fundacional de contribuir a la formaci\u00f3n de profesionales que sepan a\u00f1adir vida a los d\u00edas, empleando la forma especial de cuidar de Cudeca.","og_url":"https:\/\/www.cudeca.org\/en\/training-and-research\/centro-de-estudios-e-investigacion-yusuf-hamied\/","og_site_name":"Cudeca Cancer Care Hospice","article_publisher":"https:\/\/www.facebook.com\/AmigosDeCudeca","article_modified_time":"2020-10-05T10:14:40+00:00","og_image":[{"width":5760,"height":3840,"url":"https:\/\/www.cudeca.org\/wp-content\/uploads\/2018\/07\/PRIMERA-PIEDRA-CENTRO-YUSUF-238-de-459.jpg","type":"image\/jpeg"}],"twitter_card":"summary_large_image","twitter_site":"@cudeca","twitter_misc":{"Est. reading time":"2 minutes"},"schema":{"@context":"https:\/\/schema.org","@graph":[{"@type":"Organization","@id":"https:\/\/www.cudeca.org\/#organization","name":"Fundaci\u00f3n Cudeca","url":"https:\/\/www.cudeca.org\/","sameAs":["https:\/\/www.youtube.com\/c\/cudecamalaga","https:\/\/www.facebook.com\/AmigosDeCudeca","https:\/\/twitter.com\/cudeca"],"logo":{"@type":"ImageObject","inLanguage":"en-US","@id":"https:\/\/www.cudeca.org\/#\/schema\/logo\/image\/","url":"https:\/\/www.cudeca.org\/wp-content\/uploads\/2018\/02\/cudeca-logo.png","contentUrl":"https:\/\/www.cudeca.org\/wp-content\/uploads\/2018\/02\/cudeca-logo.png","width":2121,"height":984,"caption":"Fundaci\u00f3n Cudeca"},"image":{"@id":"https:\/\/www.cudeca.org\/#\/schema\/logo\/image\/"}},{"@type":"WebSite","@id":"https:\/\/www.cudeca.org\/#website","url":"https:\/\/www.cudeca.org\/","name":"Fundaci\u00f3n Cudeca","description":"Cudeca Hospice","publisher":{"@id":"https:\/\/www.cudeca.org\/#organization"},"potentialAction":[{"@type":"SearchAction","target":{"@type":"EntryPoint","urlTemplate":"https:\/\/www.cudeca.org\/?s={search_term_string}"},"query-input":"required name=search_term_string"}],"inLanguage":"en-US"},{"@type":"WebPage","@id":"https:\/\/www.cudeca.org\/en\/training-and-research\/centro-de-estudios-e-investigacion-yusuf-hamied\/","url":"https:\/\/www.cudeca.org\/en\/training-and-research\/centro-de-estudios-e-investigacion-yusuf-hamied\/","name":"Instituto Cudeca de Estudios e Investigaci\u00f3n en Cuidados Paliativos - Cudeca Cancer Care Hospice","isPartOf":{"@id":"https:\/\/www.cudeca.org\/#website"},"datePublished":"2018-09-07T11:50:04+00:00","dateModified":"2020-10-05T10:14:40+00:00","description":"Cudeca construir\u00e1 un Centro de Estudios e Investigaci\u00f3n en Cuidados Paliativos. Con \u00e9l se har\u00e1 realidad la visi\u00f3n fundacional de contribuir a la formaci\u00f3n de profesionales que sepan a\u00f1adir vida a los d\u00edas, empleando la forma especial de cuidar de Cudeca.","breadcrumb":{"@id":"https:\/\/www.cudeca.org\/en\/training-and-research\/centro-de-estudios-e-investigacion-yusuf-hamied\/#breadcrumb"},"inLanguage":"en-US","potentialAction":[{"@type":"ReadAction","target":["https:\/\/www.cudeca.org\/en\/training-and-research\/centro-de-estudios-e-investigacion-yusuf-hamied\/"]}]},{"@type":"BreadcrumbList","@id":"https:\/\/www.cudeca.org\/en\/training-and-research\/centro-de-estudios-e-investigacion-yusuf-hamied\/#breadcrumb","itemListElement":[{"@type":"ListItem","position":1,"name":"Portada","item":"https:\/\/www.cudeca.org\/"},{"@type":"ListItem","position":2,"name":"Formaci\u00f3n e Investigaci\u00f3n","item":"https:\/\/www.cudeca.org\/formacion-e-investigacion\/"},{"@type":"ListItem","position":3,"name":"Instituto Cudeca de Estudios e Investigaci\u00f3n en Cuidados Paliativos"}]}]}},"_links":{"self":[{"href":"https:\/\/www.cudeca.org\/en\/wp-json\/wp\/v2\/pages\/18362"}],"collection":[{"href":"https:\/\/www.cudeca.org\/en\/wp-json\/wp\/v2\/pages"}],"about":[{"href":"https:\/\/www.cudeca.org\/en\/wp-json\/wp\/v2\/types\/page"}],"author":[{"embeddable":true,"href":"https:\/\/www.cudeca.org\/en\/wp-json\/wp\/v2\/users\/101015"}],"replies":[{"embeddable":true,"href":"https:\/\/www.cudeca.org\/en\/wp-json\/wp\/v2\/comments?post=18362"}],"version-history":[{"count":1,"href":"https:\/\/www.cudeca.org\/en\/wp-json\/wp\/v2\/pages\/18362\/revisions"}],"predecessor-version":[{"id":18365,"href":"https:\/\/www.cudeca.org\/en\/wp-json\/wp\/v2\/pages\/18362\/revisions\/18365"}],"up":[{"embeddable":true,"href":"https:\/\/www.cudeca.org\/en\/wp-json\/wp\/v2\/pages\/4847"}],"wp:featuredmedia":[{"embeddable":true,"href":"https:\/\/www.cudeca.org\/en\/wp-json\/wp\/v2\/media\/18141"}],"wp:attachment":[{"href":"https:\/\/www.cudeca.org\/en\/wp-json\/wp\/v2\/media?parent=18362"}],"curies":[{"name":"wp","href":"https:\/\/api.w.org\/{rel}","templated":true}]}}