{"id":17530,"date":"2018-05-24T15:42:32","date_gmt":"2018-05-24T15:42:32","guid":{"rendered":"https:\/\/www.cudeca.org\/?page_id=17530"},"modified":"2024-12-30T08:51:03","modified_gmt":"2024-12-30T08:51:03","slug":"politica-de-cookies","status":"publish","type":"page","link":"https:\/\/www.cudeca.org\/en\/cookies-policy\/","title":{"rendered":"Cookies Policy"},"content":{"rendered":"<div class=\"wpb-content-wrapper\"><p>[vc_row][vc_column][vc_column_text css=&#8221;&#8221;]<\/p>\n<h1><b>POL\u00cdTICA DE COOKIES ANAL\u00cdTICAS<\/b><\/h1>\n<h2>INFORMACI\u00d3N SOBRE\u00a0<i>COOKIES<\/i><\/h2>\n<p>Conforme con la Ley 34\/2002, de 11 de julio, de servicios de la sociedad de la informaci\u00f3n y de comercio electr\u00f3nico (LSSI), en relaci\u00f3n con el Reglamento (UE) 2016\/679 del Parlamento Europeo y del Consejo, de 27 de abril de 2016, General de Protecci\u00f3n de Datos (GDPR) y la Ley Org\u00e1nica 3\/2018, de 5 de diciembre, de Protecci\u00f3n de Datos y Garant\u00eda de los Derechos Digitales (LOPDGDD), es obligado obtener el consentimiento expreso del usuario de todas las p\u00e1ginas web que usan cookies prescindibles, antes de que este navegue por ellas.<\/p>\n<h3>\u00bfQU\u00c9 SON LAS\u00a0<i>COOKIES<\/i>?<\/h3>\n<p>Las cookies y otras tecnolog\u00edas similares tales como local shared objects, flash cookies o p\u00edxeles, son herramientas empleadas por los servidores Web para almacenar y recuperar informaci\u00f3n acerca de sus visitantes, as\u00ed como para ofrecer un correcto funcionamiento del sitio.<\/p>\n<p>Mediante el uso de estos dispositivos se permite al servidor Web recordar algunos datos concernientes al usuario, como sus preferencias para la visualizaci\u00f3n de las p\u00e1ginas de ese servidor, nombre y contrase\u00f1a, productos que m\u00e1s le interesan, etc.<\/p>\n<h3><i>COOKIES\u00a0<\/i>AFECTADAS POR LA NORMATIVA Y\u00a0<i>COOKIES\u00a0<\/i>EXCEPTUADAS<\/h3>\n<p>Seg\u00fan la directiva de la UE, las cookies que requieren el consentimiento informado por parte del usuario son las cookies de anal\u00edtica y las de publicidad y afiliaci\u00f3n, quedando exceptuadas las de car\u00e1cter t\u00e9cnico y las necesarias para el funcionamiento del sitio web o la prestaci\u00f3n de servicios expresamente solicitados por el usuario.<\/p>\n<h5>\u00bfQU\u00c9 TIPOS DE\u00a0<i>COOKIES\u00a0<\/i>EXISTEN?<\/h5>\n<h4><strong>Seg\u00fan la finalidad<\/strong><\/h4>\n<p>\u2022 <strong>Cookies t\u00e9cnicas y funcionales:<\/strong> son aquellas que permiten al usuario la navegaci\u00f3n a trav\u00e9s de una p\u00e1gina web, plataforma o aplicaci\u00f3n y la utilizaci\u00f3n de las diferentes opciones o servicios que en ella existan.<br \/>\n\u2022<strong> Cookies anal\u00edticas:<\/strong> son aquellas que permiten al responsable de las mismas el seguimiento y an\u00e1lisis del comportamiento de los usuarios de los sitios web a los que est\u00e1n vinculadas. La informaci\u00f3n recogida mediante este tipo de cookies se utiliza en la medici\u00f3n de la actividad de los sitios web, aplicaci\u00f3n o plataforma y para la elaboraci\u00f3n de perfiles de navegaci\u00f3n de los usuarios de dichos sitios, aplicaciones y plataformas, con el fin de introducir mejoras en funci\u00f3n del an\u00e1lisis de los datos de uso que hacen los usuarios del servicio.<br \/>\n\u2022 <strong>Cookies publicitarias:<\/strong> son aquellas que permiten la gesti\u00f3n, de la forma m\u00e1s eficaz posible, de los espacios publicitarios que, en su caso, el editor haya incluido en una p\u00e1gina web, aplicaci\u00f3n o plataforma desde la que presta el servicio solicitado en base a criterios como el contenido editado o la frecuencia en la que se muestran los anuncios.<br \/>\n\u2022 <strong>Cookies de publicidad comportamental:<\/strong> recogen informaci\u00f3n sobre las preferencias y elecciones personales del usuario (retargeting) para permitir la gesti\u00f3n, de la forma m\u00e1s eficaz posible, de los espacios publicitarios que, en su caso, el editor haya incluido en una p\u00e1gina web, aplicaci\u00f3n o plataforma desde la que presta el servicio solicitado.<br \/>\n\u2022 <strong>Cookies sociales:<\/strong> son establecidas por las plataformas de redes sociales en los servicios para permitirle compartir contenido con sus amigos y redes. Las plataformas de medios sociales tienen la capacidad de rastrear su actividad en l\u00ednea fuera de los Servicios. Esto puede afectar al contenido y los mensajes que ve en otros servicios que visita.<br \/>\n\u2022<strong> Cookies de afiliados:<\/strong> permiten hacer un seguimiento de las visitas procedentes de otras webs, con las que el sitio web establece un contrato de afiliaci\u00f3n (empresas de afiliaci\u00f3n).<br \/>\n\u2022 <strong>Cookies de seguridad:<\/strong> almacenan informaci\u00f3n cifrada para evitar que los datos guardados en ellas sean vulnerables a ataques maliciosos de terceros.<\/p>\n<h4><strong>Seg\u00fan la propiedad<\/strong><\/h4>\n<p><strong>\u2022 Cookies propias<\/strong>: son aquellas que se env\u00edan al equipo terminal del usuario desde un equipo o dominio gestionado por el propio editor y desde el que se presta el servicio solicitado por el usuario.<br \/>\n<strong>\u2022 Cookies de terceros:<\/strong> son aquellas que se env\u00edan al equipo terminal del usuario desde un equipo o dominio que no es gestionado por el editor, sino por otra entidad que trata los datos obtenidos trav\u00e9s de las cookies.<\/p>\n<h4><strong>Seg\u00fan el plazo de conservaci\u00f3n<\/strong><\/h4>\n<p><strong>\u2022 Cookies de sesi\u00f3n:<\/strong> son un tipo de cookies dise\u00f1adas para recabar y almacenar datos mientras el usuario accede a una p\u00e1gina web.<br \/>\n<strong>\u2022 Cookies persistentes:<\/strong> son un tipo de cookies en el que los datos siguen almacenados en el terminal y pueden ser accedidos y tratados durante un per\u00edodo definido por el responsable de la cookie, y que puede ir de unos minutos a varios a\u00f1os.<\/p>\n<h3>TRATAMIENTO DE DATOS PERSONALES<\/h3>\n<p>Fundaci\u00f3n Cudeca es Responsable del tratamiento de los datos personales del Interesado y le informa de que estos datos ser\u00e1n tratados de conformidad con lo dispuesto en el Reglamento (UE) 2016\/679, de 27 de abril de 2016 (GDPR), por lo que se le facilita la siguiente informaci\u00f3n del tratamiento:<\/p>\n<p><strong>Fines del tratamiento:<\/strong> seg\u00fan se especifica en el apartado de cookies que se utilizan en este sitio web.<br \/>\n<strong>Legitimaci\u00f3n del tratamiento:<\/strong> salvo en los casos en los que resulte necesario para la navegaci\u00f3n por la web, por consentimiento del interesado (art. 6.1.a GDPR).<br \/>\n<strong>Criterios de conservaci\u00f3n de los datos:<\/strong> seg\u00fan se especifica en el apartado de cookies utilizadas en la web.<br \/>\n<strong>Comunicaci\u00f3n de los datos:<\/strong> no se comunicar\u00e1n los datos a terceros, excepto en cookies propiedad de terceros o por obligaci\u00f3n legal.<br \/>\n<strong>Derechos que asisten al Interesado:<\/strong><br \/>\n&#8211; Derecho a retirar el consentimiento en cualquier momento.<br \/>\n&#8211; Derecho de acceso, rectificaci\u00f3n, portabilidad y supresi\u00f3n de sus datos y a la limitaci\u00f3n u oposici\u00f3n a su tratamiento.<br \/>\n&#8211; Derecho a presentar una reclamaci\u00f3n ante la Autoridad de control (www.aepd.es) si considera que el tratamiento no se ajusta a la normativa vigente.<br \/>\n<strong>Datos de contacto para ejercer sus derechos:<\/strong><br \/>\nFundaci\u00f3n Cudeca. Avenida del Cosmos, s\/n, &#8211; 29631 Benalm\u00e1dena (M\u00e1laga)<br \/>\nTel\u00e9fono: 952 56 49 10<br \/>\nE-mail: cudeca@cudeca.org<br \/>\nDesignaci\u00f3n de DPO: Betancourt ESHRA, S.L. Datos de contacto email: datos@cudeca.org<\/p>\n<h3><i>COOKIES\u00a0<\/i>QUE SE UTILIZAN EN ESTE SITIO WEB<\/h3>\n<p>&nbsp;<\/p>\n<h4><strong>Tipo\/Categor\u00eda: T\u00c9CNICAS Y FUNCIONALES<\/strong><\/h4>\n<p>No precisan consentimiento del usuario<\/p>\n<table>\n<thead>\n<tr>\n<th>Nombre<\/th>\n<th>Proveedor<\/th>\n<th>Prop\u00f3sito<\/th>\n<th>Caducidad<\/th>\n<\/tr>\n<\/thead>\n<tbody>\n<tr>\n<td>PHPSESSID<\/td>\n<td>T\u00e9cnica y estrictamente necesaria<\/td>\n<td>Contiene el identificador de la sesi\u00f3n<\/td>\n<td>Se elimina al cerrar el navegador<\/td>\n<\/tr>\n<tr>\n<td>_lang<\/td>\n<td>T\u00e9cnica y estrictamente necesaria<\/td>\n<td>Contiene el idioma de la sesi\u00f3n<\/td>\n<td>Se elimina al cerrar el navegador<\/td>\n<\/tr>\n<tr>\n<td>ac_cookies<\/td>\n<td>T\u00e9cnica y estrictamente necesaria<\/td>\n<td>Contiene el valor de si se ha aceptado la instalaci\u00f3n de cookies<\/td>\n<td>1 a\u00f1o desde la \u00faltima actualizaci\u00f3n<\/td>\n<\/tr>\n<\/tbody>\n<\/table>\n<h4><\/h4>\n<p>&nbsp;<\/p>\n<h4><strong>Tipo\/Categor\u00eda: ANAL\u00cdTICAS<\/strong><\/h4>\n<p>Marcar o desmarcar seg\u00fan se desee aceptar o rechazar la instalaci\u00f3n de estas cookies.<\/p>\n<table>\n<thead>\n<tr>\n<th>Nombre<\/th>\n<th>Proveedor<\/th>\n<th>Prop\u00f3sito<\/th>\n<th>Caducidad<\/th>\n<\/tr>\n<\/thead>\n<tbody>\n<tr>\n<td>_utma<\/td>\n<td>Google Analytics<\/td>\n<td>Registra la fecha de la primera y \u00faltima vez que el usuario visit\u00f3 el sitio web<\/td>\n<td>2 a\u00f1os desde la \u00faltima actualizaci\u00f3n<\/td>\n<\/tr>\n<tr>\n<td>_utmb<\/td>\n<td>Google Analytics<\/td>\n<td>Registra la hora de llegada a la p\u00e1gina web<\/td>\n<td>30 minutos desde la \u00faltima actualizaci\u00f3n<\/td>\n<\/tr>\n<tr>\n<td>_utmc<\/td>\n<td>Google Analytics<\/td>\n<td>Utilizada para la interoperabilidad con el c\u00f3digo de seguimiento urchin.js<\/td>\n<td>Se elimina al cerrar el navegador<\/td>\n<\/tr>\n<tr>\n<td>_utmt<\/td>\n<td>Google Analytics<\/td>\n<td>Se utiliza para procesar el tipo de solicitud pedida por el usuario<\/td>\n<td>Al finalizar la sesi\u00f3n<\/td>\n<\/tr>\n<tr>\n<td>_utmv<\/td>\n<td>Google Analytics<\/td>\n<td>Se utiliza para segmentar datos demogr\u00e1ficos<\/td>\n<td>Al finalizar la sesi\u00f3n<\/td>\n<\/tr>\n<tr>\n<td>_utmz<\/td>\n<td>Google Analytics<\/td>\n<td>Almacena la fuente de tr\u00e1fico o una campa\u00f1a para explicar c\u00f3mo el usuario lleg\u00f3 al sitio web<\/td>\n<td>6 meses desde la \u00faltima actualizaci\u00f3n<\/td>\n<\/tr>\n<\/tbody>\n<\/table>\n<p>Obtener m\u00e1s informaci\u00f3n para deshabilitar las cookies de Google Analytics:<br \/>\n<strong>\u2022 Pol\u00edtica de privacidad de Google<\/strong><br \/>\n<strong>\u2022 Exclusi\u00f3n de Google Analytics<\/strong><\/p>\n<p>&nbsp;<\/p>\n<h3>PANEL DE CONFIGURACI\u00d3N<\/h3>\n<p><strong>COOKIES DE TERCEROS NO CONTROLADAS POR EL EDITOR (Google, Youtube, Cloudflare, Bizible, etc.)<\/strong><br \/>\nLos servicios de terceros son ajenos al control del editor.<br \/>\nLos proveedores pueden modificar en todo momento sus condiciones de servicio, finalidad y utilizaci\u00f3n de las cookies, etc.<\/p>\n<p>Algunas de nuestras p\u00e1ginas del sitio web muestran contenido de proveedores externos, como YouTube, Facebook, Twitter, LinkedIn, etc.<\/p>\n<p>Para acceder a los contenidos de terceros, los usuarios deben aceptar previamente las condiciones que estos aplican (entre las que se incluyen sus pol\u00edticas de cookies, ajenas a nuestro control).<\/p>\n<p>Si los usuarios optan por no acceder a esos contenidos, estas cookies de terceros no se instalan en sus dispositivos.<\/p>\n<p>Proveedores externos de este sitio web:<\/p>\n<ul>\n<li>YouTube<\/li>\n<li>Internet Archive<\/li>\n<li>Google Maps<\/li>\n<li>Twitter<\/li>\n<li>Vimeo<\/li>\n<li>Microsoft<\/li>\n<li>Facebook<\/li>\n<li>Google<\/li>\n<li>LinkedIn<\/li>\n<li>Livestream<\/li>\n<li>SoundCloud<\/li>\n<\/ul>\n<p>&nbsp;<\/p>\n<p><strong>C\u00d3MO GESTIONAR LAS COOKIES DESDE EL NAVEGADOR<\/strong><\/p>\n<p><strong>Eliminar las cookies del dispositivo:<\/strong><br \/>\nLas cookies que ya est\u00e1n en un dispositivo se pueden eliminar borrando el historial del navegador, con lo que se suprimen las cookies de todos los sitios web visitados.<br \/>\nSin embargo, tambi\u00e9n se puede perder parte de la informaci\u00f3n guardada (por ejemplo, los datos de inicio de sesi\u00f3n o las preferencias de sitio web).<\/p>\n<p><strong>Gestionar las cookies espec\u00edficas del sitio:<\/strong><br \/>\nPara tener un control m\u00e1s preciso de las cookies espec\u00edficas de cada sitio, los usuarios pueden ajustar su configuraci\u00f3n de privacidad y cookies en el navegador.<\/p>\n<p><strong>Bloquear las cookies:<\/strong><br \/>\nAunque la mayor\u00eda de los navegadores modernos se pueden configurar para evitar que se instalen cookies en los dispositivos, eso puede obligar al ajuste manual de determinadas preferencias cada vez que se visite un sitio o p\u00e1gina. Adem\u00e1s, algunos servicios y caracter\u00edsticas pueden no funcionar correctamente (por ejemplo, los inicios de sesi\u00f3n con perfil).<\/p>\n<p>&nbsp;<\/p>\n<p><strong>C\u00d3MO ELIMINAR LAS COOKIES DE LOS NAVEGADORES M\u00c1S COMUNES<\/strong><br \/>\n<strong>Chrome<\/strong><br \/>\nhttp:\/\/support.google.com\/chrome\/answer\/95647?hl=es<br \/>\n<strong>Edge<\/strong><br \/>\nhttps:\/\/support.microsoft.com\/es-es\/microsoft-edge\/eliminar-las-cookies-en-microsoft-edge-63947406-40ac-c3b8-57b9-2a946a29ae09<br \/>\n<strong>Explorer<\/strong><br \/>\nhttps:\/\/support.microsoft.com\/es-es\/help\/278835\/how-to-delete-cookie-files-in-internet-explorer<br \/>\n<strong>Firefox<\/strong><br \/>\nhttps:\/\/www.mozilla.org\/es-ES\/privacy\/websites\/#cookies<br \/>\n<strong>Safari<\/strong><br \/>\nhttps:\/\/support.apple.com\/es-es\/guide\/safari\/sfri11471\/mac<br \/>\n<strong>Opera<\/strong><br \/>\nhttps:\/\/help.opera.com\/en\/latest\/security-and-privacy\/#clearBrowsingData<\/p>\n<p>&nbsp;[\/vc_column_text][\/vc_column][\/vc_row]<\/p>\n<\/div>","protected":false},"excerpt":{"rendered":"<p>[vc_row][vc_column][vc_column_text css=&#8221;&#8221;] POL\u00cdTICA DE COOKIES ANAL\u00cdTICAS INFORMACI\u00d3N SOBRE\u00a0COOKIES Conforme con la Ley 34\/2002, de 11 de julio, de servicios de la sociedad de la informaci\u00f3n y de comercio electr\u00f3nico (LSSI), en relaci\u00f3n con el Reglamento (UE) 2016\/679 del Parlamento Europeo y del Consejo, de 27 de abril de 2016, General de Protecci\u00f3n de Datos (GDPR) [&hellip;]<\/p>\n","protected":false},"author":1,"featured_media":0,"parent":0,"menu_order":0,"comment_status":"closed","ping_status":"closed","template":"","meta":[],"yoast_head":"<!-- This site is optimized with the Yoast SEO plugin v19.4 - https:\/\/yoast.com\/wordpress\/plugins\/seo\/ -->\n<title>Cookies Policy - Cudeca Cancer Care Hospice<\/title>\n<meta name=\"robots\" content=\"index, follow, max-snippet:-1, max-image-preview:large, max-video-preview:-1\" \/>\n<link rel=\"canonical\" href=\"https:\/\/www.cudeca.org\/politica-de-cookies\/\" \/>\n<meta property=\"og:locale\" content=\"en_US\" \/>\n<meta property=\"og:type\" content=\"article\" \/>\n<meta property=\"og:title\" content=\"Cookies Policy - Cudeca Cancer Care Hospice\" \/>\n<meta property=\"og:description\" content=\"[vc_row][vc_column][vc_column_text css=&#8221;&#8221;] POL\u00cdTICA DE COOKIES ANAL\u00cdTICAS INFORMACI\u00d3N SOBRE\u00a0COOKIES Conforme con la Ley 34\/2002, de 11 de julio, de servicios de la sociedad de la informaci\u00f3n y de comercio electr\u00f3nico (LSSI), en relaci\u00f3n con el Reglamento (UE) 2016\/679 del Parlamento Europeo y del Consejo, de 27 de abril de 2016, General de Protecci\u00f3n de Datos (GDPR) [&hellip;]\" \/>\n<meta property=\"og:url\" content=\"https:\/\/www.cudeca.org\/politica-de-cookies\/\" \/>\n<meta property=\"og:site_name\" content=\"Cudeca Cancer Care Hospice\" \/>\n<meta property=\"article:publisher\" content=\"https:\/\/www.facebook.com\/AmigosDeCudeca\" \/>\n<meta property=\"article:modified_time\" content=\"2024-12-30T08:51:03+00:00\" \/>\n<meta name=\"twitter:card\" content=\"summary_large_image\" \/>\n<meta name=\"twitter:site\" content=\"@cudeca\" \/>\n<meta name=\"twitter:label1\" content=\"Est. reading time\" \/>\n\t<meta name=\"twitter:data1\" content=\"9 minutes\" \/>\n<script type=\"application\/ld+json\" class=\"yoast-schema-graph\">{\"@context\":\"https:\/\/schema.org\",\"@graph\":[{\"@type\":\"Organization\",\"@id\":\"https:\/\/www.cudeca.org\/#organization\",\"name\":\"Fundaci\u00f3n Cudeca\",\"url\":\"https:\/\/www.cudeca.org\/\",\"sameAs\":[\"https:\/\/www.youtube.com\/c\/cudecamalaga\",\"https:\/\/www.facebook.com\/AmigosDeCudeca\",\"https:\/\/twitter.com\/cudeca\"],\"logo\":{\"@type\":\"ImageObject\",\"inLanguage\":\"en-US\",\"@id\":\"https:\/\/www.cudeca.org\/#\/schema\/logo\/image\/\",\"url\":\"https:\/\/www.cudeca.org\/wp-content\/uploads\/2018\/02\/cudeca-logo.png\",\"contentUrl\":\"https:\/\/www.cudeca.org\/wp-content\/uploads\/2018\/02\/cudeca-logo.png\",\"width\":2121,\"height\":984,\"caption\":\"Fundaci\u00f3n Cudeca\"},\"image\":{\"@id\":\"https:\/\/www.cudeca.org\/#\/schema\/logo\/image\/\"}},{\"@type\":\"WebSite\",\"@id\":\"https:\/\/www.cudeca.org\/#website\",\"url\":\"https:\/\/www.cudeca.org\/\",\"name\":\"Fundaci\u00f3n Cudeca\",\"description\":\"Cudeca Hospice\",\"publisher\":{\"@id\":\"https:\/\/www.cudeca.org\/#organization\"},\"potentialAction\":[{\"@type\":\"SearchAction\",\"target\":{\"@type\":\"EntryPoint\",\"urlTemplate\":\"https:\/\/www.cudeca.org\/?s={search_term_string}\"},\"query-input\":\"required name=search_term_string\"}],\"inLanguage\":\"en-US\"},{\"@type\":\"WebPage\",\"@id\":\"https:\/\/www.cudeca.org\/politica-de-cookies\/\",\"url\":\"https:\/\/www.cudeca.org\/politica-de-cookies\/\",\"name\":\"Cookies Policy - Cudeca Cancer Care Hospice\",\"isPartOf\":{\"@id\":\"https:\/\/www.cudeca.org\/#website\"},\"datePublished\":\"2018-05-24T15:42:32+00:00\",\"dateModified\":\"2024-12-30T08:51:03+00:00\",\"breadcrumb\":{\"@id\":\"https:\/\/www.cudeca.org\/politica-de-cookies\/#breadcrumb\"},\"inLanguage\":\"en-US\",\"potentialAction\":[{\"@type\":\"ReadAction\",\"target\":[\"https:\/\/www.cudeca.org\/politica-de-cookies\/\"]}]},{\"@type\":\"BreadcrumbList\",\"@id\":\"https:\/\/www.cudeca.org\/politica-de-cookies\/#breadcrumb\",\"itemListElement\":[{\"@type\":\"ListItem\",\"position\":1,\"name\":\"Portada\",\"item\":\"https:\/\/www.cudeca.org\/\"},{\"@type\":\"ListItem\",\"position\":2,\"name\":\"[:es]Pol\u00edtica de Cookies[:en]Cookies Policy[:]\"}]}]}<\/script>\n<!-- \/ Yoast SEO plugin. -->","yoast_head_json":{"title":"Cookies Policy - Cudeca Cancer Care Hospice","robots":{"index":"index","follow":"follow","max-snippet":"max-snippet:-1","max-image-preview":"max-image-preview:large","max-video-preview":"max-video-preview:-1"},"canonical":"https:\/\/www.cudeca.org\/politica-de-cookies\/","og_locale":"en_US","og_type":"article","og_title":"Cookies Policy - Cudeca Cancer Care Hospice","og_description":"[vc_row][vc_column][vc_column_text css=&#8221;&#8221;] POL\u00cdTICA DE COOKIES ANAL\u00cdTICAS INFORMACI\u00d3N SOBRE\u00a0COOKIES Conforme con la Ley 34\/2002, de 11 de julio, de servicios de la sociedad de la informaci\u00f3n y de comercio electr\u00f3nico (LSSI), en relaci\u00f3n con el Reglamento (UE) 2016\/679 del Parlamento Europeo y del Consejo, de 27 de abril de 2016, General de Protecci\u00f3n de Datos (GDPR) [&hellip;]","og_url":"https:\/\/www.cudeca.org\/politica-de-cookies\/","og_site_name":"Cudeca Cancer Care Hospice","article_publisher":"https:\/\/www.facebook.com\/AmigosDeCudeca","article_modified_time":"2024-12-30T08:51:03+00:00","twitter_card":"summary_large_image","twitter_site":"@cudeca","twitter_misc":{"Est. reading time":"9 minutes"},"schema":{"@context":"https:\/\/schema.org","@graph":[{"@type":"Organization","@id":"https:\/\/www.cudeca.org\/#organization","name":"Fundaci\u00f3n Cudeca","url":"https:\/\/www.cudeca.org\/","sameAs":["https:\/\/www.youtube.com\/c\/cudecamalaga","https:\/\/www.facebook.com\/AmigosDeCudeca","https:\/\/twitter.com\/cudeca"],"logo":{"@type":"ImageObject","inLanguage":"en-US","@id":"https:\/\/www.cudeca.org\/#\/schema\/logo\/image\/","url":"https:\/\/www.cudeca.org\/wp-content\/uploads\/2018\/02\/cudeca-logo.png","contentUrl":"https:\/\/www.cudeca.org\/wp-content\/uploads\/2018\/02\/cudeca-logo.png","width":2121,"height":984,"caption":"Fundaci\u00f3n Cudeca"},"image":{"@id":"https:\/\/www.cudeca.org\/#\/schema\/logo\/image\/"}},{"@type":"WebSite","@id":"https:\/\/www.cudeca.org\/#website","url":"https:\/\/www.cudeca.org\/","name":"Fundaci\u00f3n Cudeca","description":"Cudeca Hospice","publisher":{"@id":"https:\/\/www.cudeca.org\/#organization"},"potentialAction":[{"@type":"SearchAction","target":{"@type":"EntryPoint","urlTemplate":"https:\/\/www.cudeca.org\/?s={search_term_string}"},"query-input":"required name=search_term_string"}],"inLanguage":"en-US"},{"@type":"WebPage","@id":"https:\/\/www.cudeca.org\/politica-de-cookies\/","url":"https:\/\/www.cudeca.org\/politica-de-cookies\/","name":"Cookies Policy - Cudeca Cancer Care Hospice","isPartOf":{"@id":"https:\/\/www.cudeca.org\/#website"},"datePublished":"2018-05-24T15:42:32+00:00","dateModified":"2024-12-30T08:51:03+00:00","breadcrumb":{"@id":"https:\/\/www.cudeca.org\/politica-de-cookies\/#breadcrumb"},"inLanguage":"en-US","potentialAction":[{"@type":"ReadAction","target":["https:\/\/www.cudeca.org\/politica-de-cookies\/"]}]},{"@type":"BreadcrumbList","@id":"https:\/\/www.cudeca.org\/politica-de-cookies\/#breadcrumb","itemListElement":[{"@type":"ListItem","position":1,"name":"Portada","item":"https:\/\/www.cudeca.org\/"},{"@type":"ListItem","position":2,"name":"[:es]Pol\u00edtica de Cookies[:en]Cookies Policy[:]"}]}]}},"_links":{"self":[{"href":"https:\/\/www.cudeca.org\/en\/wp-json\/wp\/v2\/pages\/17530"}],"collection":[{"href":"https:\/\/www.cudeca.org\/en\/wp-json\/wp\/v2\/pages"}],"about":[{"href":"https:\/\/www.cudeca.org\/en\/wp-json\/wp\/v2\/types\/page"}],"author":[{"embeddable":true,"href":"https:\/\/www.cudeca.org\/en\/wp-json\/wp\/v2\/users\/1"}],"replies":[{"embeddable":true,"href":"https:\/\/www.cudeca.org\/en\/wp-json\/wp\/v2\/comments?post=17530"}],"version-history":[{"count":7,"href":"https:\/\/www.cudeca.org\/en\/wp-json\/wp\/v2\/pages\/17530\/revisions"}],"predecessor-version":[{"id":31153,"href":"https:\/\/www.cudeca.org\/en\/wp-json\/wp\/v2\/pages\/17530\/revisions\/31153"}],"wp:attachment":[{"href":"https:\/\/www.cudeca.org\/en\/wp-json\/wp\/v2\/media?parent=17530"}],"curies":[{"name":"wp","href":"https:\/\/api.w.org\/{rel}","templated":true}]}}