{"id":17528,"date":"2018-05-24T15:35:16","date_gmt":"2018-05-24T15:35:16","guid":{"rendered":"https:\/\/www.cudeca.org\/?page_id=17528"},"modified":"2024-12-30T08:24:43","modified_gmt":"2024-12-30T08:24:43","slug":"politica-de-privacidad","status":"publish","type":"page","link":"https:\/\/www.cudeca.org\/en\/politica-de-privacidad\/","title":{"rendered":"Privacy policy"},"content":{"rendered":"<div class=\"wpb-content-wrapper\"><p>[vc_row][vc_column][vc_column_text css=&#8221;&#8221;]<strong>1. INFORMACI\u00d3N AL USUARIO<\/strong><\/p>\n<p><strong>\u00bfQui\u00e9n es el responsable del tratamiento de tus datos personales?<\/strong><\/p>\n<p>Fundaci\u00f3n Cudeca es el RESPONSABLE del tratamiento de los datos personales del USUARIO y le informa de que estos datos ser\u00e1n tratados de conformidad con lo dispuesto en el Reglamento (UE) 2016\/679, de 27 de abril (GDPR), y la Ley Org\u00e1nica 3\/2018, de 5 de diciembre (LOPDGDD).<\/p>\n<p><strong>\u00bfPara qu\u00e9 tratamos tus datos personales?<\/strong><\/p>\n<p>Para mantener una relaci\u00f3n comercial con el usuario. Las operaciones previstas en l\u00edneas generales para realizar el tratamiento son:<\/p>\n<p>\u2022 Remisi\u00f3n de comunicaciones comerciales publicitarias por e-mail, fax, SMS, MMS, redes sociales o cualquier otro medio electr\u00f3nico o f\u00edsico, presente o futuro, que posibilite realizar comunicaciones comerciales. Estas comunicaciones ser\u00e1n realizadas por Fundaci\u00f3n Cudeca y estar\u00e1n relacionadas con sus productos y servicios, o de sus colaboradores o proveedores, con los que este haya alcanzado alg\u00fan acuerdo de promoci\u00f3n. En este caso, los terceros nunca tendr\u00e1n acceso a los datos personales.<br \/>\n\u2022 Realizar estudios de mercado y an\u00e1lisis estad\u00edsticos.<br \/>\n\u2022 Tramitar encargos, solicitudes, dar respuesta a las consultas o cualquier tipo de petici\u00f3n que sea realizada por el USUARIO a trav\u00e9s de cualquiera de las formas de contacto que se ponen a su disposici\u00f3n en la p\u00e1gina web de Fundaci\u00f3n Cudeca.<br \/>\n\u2022 Remitir el bolet\u00edn informativo online, sobre novedades, ofertas y promociones en nuestra actividad.<\/p>\n<p>Las operaciones previstas concretas son:<\/p>\n<p style=\"text-align: center;\">\n<strong>FORMULARIOS:<\/strong><\/p>\n<p><strong>NUESTROS CUIDADOS, SOY PACIENTE, EN CASA, CONTACTA CON NUESTRO EQUIPO ASISTENCIAL:<\/strong><\/p>\n<p>\u2022 Datos que se recogen: Relaci\u00f3n con Cudeca: paciente, familiar paciente, profesional sanitario, necesidad de la persona en relaci\u00f3n al servicio asistencial de Fundaci\u00f3n Cudeca, nombre, apellidos, DNI, tel\u00e9fono, mail, idioma, texto libre para la persona usuaria para escribir libremente.<br \/>\n\u2022 Legitimaci\u00f3n: Consentimiento INEQU\u00cdVOCO mediante una clara acci\u00f3n del interesado (art\u00edculo 6.1.a GDPR)<br \/>\n\u2022 Finalidad: Ayuda para asistencia a personas, informaci\u00f3n y asesoramiento sobre enfermedad, informaci\u00f3n sobre formaci\u00f3n profesional.<br \/>\n\u2022 Plazo de conservaci\u00f3n: Mientras dure la relaci\u00f3n entre usuario y Fundaci\u00f3n<br \/>\n\u2022 No se comunican datos a terceros, salvo obligaci\u00f3n legal<\/p>\n<p style=\"text-align: center;\"><strong>TRABAJA EN CUDECA:<\/strong><\/p>\n<p>\u2022 Datos que se recogen: nombre, apellidos, titulaci\u00f3n, \u00e1reas de inter\u00e9s y formulario adjunto de cv.<br \/>\n\u2022 Legitimaci\u00f3n: Consentimiento INEQU\u00cdVOCO mediante una clara acci\u00f3n del interesado (art\u00edculo 6.1.a GDPR)<br \/>\n\u2022 Finalidad: Gesti\u00f3n de Curriculums.<br \/>\n\u2022 Plazo de conservaci\u00f3n: Durante un m\u00e1ximo de 1 a\u00f1o<br \/>\n\u2022 No se comunican datos a terceros, salvo obligaci\u00f3n legal<\/p>\n<p style=\"text-align: center;\"><strong>AY\u00daDANOS, DONA O HAZTE SOCIO:<\/strong><\/p>\n<p>\u2022 Datos que se recogen: Periodicidad, Cantidad, Nombre, Apellidos, Email, Tel\u00e9fono, M\u00f3vil, DNI, Fecha de nacimiento, Forma de conocernos, Direcci\u00f3n, C\u00f3digo Postal, Poblaci\u00f3n, Provincia, Pa\u00eds, Datos bancarios (Titular de la cuenta, Cuenta Corriente), Recomendaci\u00f3n (Nombre, apellidos, email o tel\u00e9fono).<br \/>\n\u2022 Legitimaci\u00f3n: Consentimiento INEQU\u00cdVOCO mediante una clara acci\u00f3n del interesado (art\u00edculo 6.1.a GDPR)<br \/>\n\u2022 Finalidad: Gesti\u00f3n de socios y sus aportaciones.<br \/>\n\u2022 Plazo de conservaci\u00f3n: Mientras dure la relaci\u00f3n entre usuario y Fundaci\u00f3n. Plazo legal establecido.<br \/>\n\u2022 No se comunican datos a terceros, salvo obligaci\u00f3n legal.<\/p>\n<p style=\"text-align: center;\">\n<strong>QUIERO SER VOLUNTARIO:<\/strong><\/p>\n<p>\u2022 Datos que se recogen: Nombre, Apellidos, DNI, Fecha de Nacimiento, \u00bfEn qu\u00e9 idioma quieres que nos comuniquemos?, Localidad, Tel\u00e9fono, Email, \u00bfPor qu\u00e9 quieres colaborar con Cudeca?, \u00bfC\u00f3mo conoci\u00f3 el voluntariado a Cudeca?, \u00bfEn qu\u00e9 programa quieres colaborar?<br \/>\n\u2022 Legitimaci\u00f3n: Consentimiento INEQU\u00cdVOCO mediante una clara acci\u00f3n del interesado (art\u00edculo 6.1.a GDPR)<br \/>\n\u2022 Finalidad: Gesti\u00f3n de personas voluntarias en la Fundaci\u00f3n.<br \/>\n\u2022 Plazo de conservaci\u00f3n: Mientras dure la relaci\u00f3n entre la persona voluntaria y la Fundaci\u00f3n. Plazo legal establecido.<br \/>\n\u2022 No se comunican datos a terceros, salvo obligaci\u00f3n legal.<\/p>\n<p style=\"text-align: center;\"><strong>DONAR EN HUCHA DIGITAL:<\/strong><\/p>\n<p>\u2022 Datos que se recogen: Nombre y Apellidos, Email, Tel\u00e9fonos, dos casillas, \u00bfC\u00f3mo nos has conocido?, DNI\/NIE\/CIF, Direcci\u00f3n, C\u00f3digo Postal, Poblaci\u00f3n, Provincia, Pa\u00eds, Nick, Comentario.<br \/>\n\u2022 Legitimaci\u00f3n: Consentimiento INEQU\u00cdVOCO mediante una clara acci\u00f3n del interesado (art\u00edculo 6.1.a GDPR)<br \/>\n\u2022 Finalidad: Gesti\u00f3n de personas que quieren contribuir de forma monetaria a Fundaci\u00f3n Cudeca<br \/>\n\u2022 Plazo de conservaci\u00f3n: Mientras dure la relaci\u00f3n entre la persona usuaria y Fundaci\u00f3n Cudeca. Plazo legal establecido.<br \/>\n\u2022 No se comunican datos a terceros, salvo obligaci\u00f3n legal.<\/p>\n<p style=\"text-align: center;\"><strong>CONVIERTETE EN UNA EMPRESA SOLIDARIA (CONTACTA CON NOSOTROS):<\/strong><\/p>\n<p>\u2022 Datos que se recogen: Nombre, Apellidos, DNI, Tel\u00e9fono, Email, Nombre, Empresa, CIF, \u00bfC\u00f3mo quieres ayudarnos?, Comentario.<br \/>\n\u2022 Legitimaci\u00f3n: Consentimiento INEQU\u00cdVOCO mediante una clara acci\u00f3n del interesado (art\u00edculo 6.1.a GDPR)<br \/>\n\u2022 Finalidad: Gesti\u00f3n de las aportaciones que se realizan para la Fundaci\u00f3n.<br \/>\n\u2022 Plazo de conservaci\u00f3n: Mientras dure la relaci\u00f3n entre la persona usuaria y Fundaci\u00f3n Cudeca. Plazo legal establecido.<br \/>\n\u2022 No se comunican datos a terceros, salvo obligaci\u00f3n legal.<\/p>\n<p style=\"text-align: center;\"><strong>HUCHAS QUE AYUDAN A CUIDAR:<\/strong><\/p>\n<p>\u2022 Datos que se recogen: Nombre, Apellidos, NIF\/NIE, Tel\u00e9fono, Email, Direcci\u00f3n, Direcci\u00f3n 2, Ciudad Estado\/Provincia\/Regi\u00f3n, Pa\u00eds, Comentario.<br \/>\n\u2022 Legitimaci\u00f3n: Consentimiento INEQU\u00cdVOCO mediante una clara acci\u00f3n del interesado (art\u00edculo 6.1.a GDPR)<br \/>\n\u2022 Finalidad: Gesti\u00f3n de las aportaciones que se realizan para la Fundaci\u00f3n.<br \/>\n\u2022 Plazo de conservaci\u00f3n: Mientras dure la relaci\u00f3n entre la persona usuaria y Fundaci\u00f3n Cudeca. Plazo legal establecido.<br \/>\n\u2022 No se comunican datos a terceros, salvo obligaci\u00f3n legal.<\/p>\n<p style=\"text-align: center;\">\n<strong>INCL\u00daYENOS EN TU LEGADO (CONTACTO):<\/strong><\/p>\n<p>\u2022 Datos que se recogen: Nombre, Apellidos, Tel\u00e9fono, Email, Comentario.<br \/>\n\u2022 Legitimaci\u00f3n: Consentimiento INEQU\u00cdVOCO mediante una clara acci\u00f3n del interesado (art\u00edculo 6.1.a GDPR)<br \/>\n\u2022 Finalidad: Gesti\u00f3n de las personas que contactan para incluirnos en su legado.<br \/>\n\u2022 Plazo de conservaci\u00f3n: Mientras dure la relaci\u00f3n entre la persona usuaria y Fundaci\u00f3n Cudeca. Plazo legal establecido.<br \/>\n\u2022 No se comunican datos a terceros, salvo obligaci\u00f3n legal.<br \/>\nDEDICA UN AZULEJO (CONTACTA CON NOSOTROS):<\/p>\n<p>\u2022 Datos que se recogen: Nombre, Apellidos, NIF, Tel\u00e9fono, Email, Inscripci\u00f3n en el azulejo, Comentario.<br \/>\n\u2022 Legitimaci\u00f3n: Consentimiento INEQU\u00cdVOCO mediante una clara acci\u00f3n del interesado (art\u00edculo 6.1.a GDPR)<br \/>\n\u2022 Finalidad: Gesti\u00f3n de las personas que contactan para realizar una dedicatoria en un azulejo.<br \/>\n\u2022 Plazo de conservaci\u00f3n: Mientras dure la relaci\u00f3n entre la persona usuaria y Fundaci\u00f3n Cudeca. Plazo legal establecido.<br \/>\n\u2022 No se comunican datos a terceros, salvo obligaci\u00f3n legal.<\/p>\n<p style=\"text-align: center;\">\n<strong>CONTACTO, \u00bfQUIERES TENER M\u00c1S INFORMACI\u00d3N SOBRE NUESTROS CURSOS?:<\/strong><\/p>\n<p>\u2022 Datos que se recogen: Nombre, Apellidos, Nacionalidad, Tel\u00e9fono, Correo electr\u00f3nico, Titulaci\u00f3n (estudios), Qu\u00e9 actividad formativa te interesa, Mensaje.<br \/>\n\u2022 Legitimaci\u00f3n: Consentimiento INEQU\u00cdVOCO mediante una clara acci\u00f3n del interesado (art\u00edculo 6.1.a GDPR)<br \/>\n\u2022 Finalidad: Gesti\u00f3n de las personas que contactan para realizar una dedicatoria en un azulejo.<br \/>\n\u2022 Plazo de conservaci\u00f3n: Mientras dure la relaci\u00f3n entre la persona usuaria y Fundaci\u00f3n Cudeca. Plazo legal establecido.<br \/>\n\u2022 A priori no se comunican datos a terceros, salvo obligaci\u00f3n legal. Los datos que se comuniquen a terceros ser\u00e1n los datos necesarios y obligatorios cuando Fundaci\u00f3n Cudeca llega a acuerdos con entes privados y\/o p\u00fablicos para la realizaci\u00f3n de cursos. Se informar\u00e1 sobre la comunicaci\u00f3n espec\u00edfica a terceros para el curso en concreto que se realice a las personas interesadas en realizarlo.<\/p>\n<p>&nbsp;<\/p>\n<p><strong>\u00bfPor qu\u00e9 motivo podemos tratar tus datos personales?<\/strong><\/p>\n<p>Porque el tratamiento est\u00e1 legitimado por el art\u00edculo 6 del GDPR de la siguiente forma:<br \/>\n\u2022 Con el consentimiento del USUARIO: remisi\u00f3n de comunicaciones comerciales y del bolet\u00edn informativo.<br \/>\n\u2022 Por inter\u00e9s leg\u00edtimo de Fundaci\u00f3n Cudeca: realizar estudios de mercado, an\u00e1lisis estad\u00edsticos, etc. y tramitar encargos, solicitudes, etc. a petici\u00f3n del USUARIO.<\/p>\n<p><strong>\u00bfDurante cu\u00e1nto tiempo guardaremos tus datos personales?<\/strong><\/p>\n<p>Se conservar\u00e1n durante no m\u00e1s tiempo del necesario para mantener el fin del tratamiento o existan prescripciones legales que dictaminen su custodia y cuando ya no sea necesario para ello, se suprimir\u00e1n con medidas de seguridad adecuadas para garantizar la anonimizaci\u00f3n de los datos o la destrucci\u00f3n total de los mismos.<\/p>\n<p><strong>\u00bfA qui\u00e9n facilitamos tus datos personales?<\/strong><\/p>\n<p>No est\u00e1 prevista ninguna comunicaci\u00f3n de datos personales a terceros salvo, si fuese necesario para el desarrollo y ejecuci\u00f3n de las finalidades del tratamiento, a nuestros proveedores de servicios relacionados con comunicaciones y formativas, con los cuales Fundaci\u00f3n Cudeca tiene suscritos los contratos de confidencialidad y de encargado de tratamiento exigidos por la normativa vigente de privacidad.<\/p>\n<p><strong>\u00bfCu\u00e1les son tus derechos?<\/strong><\/p>\n<p>Los derechos que asisten al USUARIO son:<br \/>\n\u2022 Derecho a retirar el consentimiento en cualquier momento.<br \/>\n\u2022 Derecho de acceso, rectificaci\u00f3n, portabilidad y supresi\u00f3n de sus datos, y de limitaci\u00f3n u oposici\u00f3n a su tratamiento.<br \/>\n\u2022 Derecho a presentar una reclamaci\u00f3n ante la autoridad de control (www.aepd.es) si considera que el tratamiento no se ajusta a la normativa vigente.<\/p>\n<p><strong>Datos de contacto para ejercer sus derechos:<\/strong><\/p>\n<p>Responsable del Tratamiento: Fundaci\u00f3n Cudeca.<br \/>\nDomicilio: Avenida del Cosmos, s\/n, &#8211; 29631 Benalm\u00e1dena (M\u00e1laga).<br \/>\nTel\u00e9fono: 952 56 49 10<br \/>\nFundaci\u00f3n Cudeca tiene designado un Delegado en Protecci\u00f3n de Datos: Betancourt ESHRA, S.L. con mail de contacto: datos@cudeca.org<\/p>\n<p><strong>2. CAR\u00c1CTER OBLIGATORIO O FACULTATIVO DE LA INFORMACI\u00d3N FACILITADA POR EL USUARIO<\/strong><\/p>\n<p>Los USUARIOS, mediante la marcaci\u00f3n de las casillas correspondientes y la entrada de datos en los campos, marcados con un asterisco (*) en los formularios o presentados en formularios de descarga, aceptan expresamente y de forma libre e inequ\u00edvoca, que sus datos son necesarios para atender su petici\u00f3n, por parte del prestador, siendo voluntaria la inclusi\u00f3n de datos en los campos restantes. El USUARIO garantiza que los datos personales facilitados a Fundaci\u00f3n Cudeca son veraces y se hace responsable de comunicar cualquier modificaci\u00f3n de los mismos.<\/p>\n<p>Fundaci\u00f3n Cudeca informa de que todos los datos solicitados a trav\u00e9s del sitio web son obligatorios, ya que son necesarios para la prestaci\u00f3n de un servicio \u00f3ptimo al USUARIO. En caso de que no se faciliten todos los datos, no se garantiza que la informaci\u00f3n y servicios facilitados sean completamente ajustados a sus necesidades.<\/p>\n<p><strong>3. MEDIDAS DE SEGURIDAD<\/strong><\/p>\n<p>Que de conformidad con lo dispuesto en las normativas vigentes en protecci\u00f3n de datos personales, Fundaci\u00f3n Cudeca est\u00e1 cumpliendo con todas las disposiciones de las normativas GDPR y LOPDGDD para el tratamiento de los datos personales de su responsabilidad, y manifiestamente con los principios descritos en el art\u00edculo 5 del GDPR, por los cuales son tratados de manera l\u00edcita, leal y transparente en relaci\u00f3n con el interesado y adecuados, pertinentes y limitados a lo necesario en relaci\u00f3n con los fines para los que son tratados.<\/p>\n<p>Fundaci\u00f3n Cudeca garantiza que ha implementado pol\u00edticas t\u00e9cnicas y organizativas apropiadas para aplicar las medidas de seguridad que establecen el GDPR y la LOPDGDD con el fin de proteger los derechos y libertades de los USUARIOS y les ha comunicado la informaci\u00f3n adecuada para que puedan ejercerlos.<\/p>\n<p>Para m\u00e1s informaci\u00f3n sobre las garant\u00edas de privacidad, puedes dirigirte a Fundaci\u00f3n Cudeca. Avenida del Cosmos, s\/n, &#8211; 29631 Benalm\u00e1dena (M\u00e1laga) a trav\u00e9s de su delegado en protecci\u00f3n de datos al mail: datos@cudeca.org o llamando al tel\u00e9fono 952 56 49 10.[\/vc_column_text][\/vc_column][\/vc_row]<\/p>\n<\/div>","protected":false},"excerpt":{"rendered":"<p>[vc_row][vc_column][vc_column_text css=&#8221;&#8221;]1. INFORMACI\u00d3N AL USUARIO \u00bfQui\u00e9n es el responsable del tratamiento de tus datos personales? Fundaci\u00f3n Cudeca es el RESPONSABLE del tratamiento de los datos personales del USUARIO y le informa de que estos datos ser\u00e1n tratados de conformidad con lo dispuesto en el Reglamento (UE) 2016\/679, de 27 de abril (GDPR), y la Ley [&hellip;]<\/p>\n","protected":false},"author":1,"featured_media":0,"parent":0,"menu_order":0,"comment_status":"closed","ping_status":"closed","template":"","meta":[],"yoast_head":"<!-- This site is optimized with the Yoast SEO plugin v19.4 - https:\/\/yoast.com\/wordpress\/plugins\/seo\/ -->\n<title>Privacy policy - Cudeca Cancer Care Hospice<\/title>\n<meta name=\"robots\" content=\"index, follow, max-snippet:-1, max-image-preview:large, max-video-preview:-1\" \/>\n<link rel=\"canonical\" href=\"https:\/\/www.cudeca.org\/politica-de-privacidad\/\" \/>\n<meta property=\"og:locale\" content=\"en_US\" \/>\n<meta property=\"og:type\" content=\"article\" \/>\n<meta property=\"og:title\" content=\"Privacy policy - Cudeca Cancer Care Hospice\" \/>\n<meta property=\"og:description\" content=\"[vc_row][vc_column][vc_column_text css=&#8221;&#8221;]1. INFORMACI\u00d3N AL USUARIO \u00bfQui\u00e9n es el responsable del tratamiento de tus datos personales? Fundaci\u00f3n Cudeca es el RESPONSABLE del tratamiento de los datos personales del USUARIO y le informa de que estos datos ser\u00e1n tratados de conformidad con lo dispuesto en el Reglamento (UE) 2016\/679, de 27 de abril (GDPR), y la Ley [&hellip;]\" \/>\n<meta property=\"og:url\" content=\"https:\/\/www.cudeca.org\/politica-de-privacidad\/\" \/>\n<meta property=\"og:site_name\" content=\"Cudeca Cancer Care Hospice\" \/>\n<meta property=\"article:publisher\" content=\"https:\/\/www.facebook.com\/AmigosDeCudeca\" \/>\n<meta property=\"article:modified_time\" content=\"2024-12-30T08:24:43+00:00\" \/>\n<meta name=\"twitter:card\" content=\"summary_large_image\" \/>\n<meta name=\"twitter:site\" content=\"@cudeca\" \/>\n<meta name=\"twitter:label1\" content=\"Est. reading time\" \/>\n\t<meta name=\"twitter:data1\" content=\"9 minutes\" \/>\n<script type=\"application\/ld+json\" class=\"yoast-schema-graph\">{\"@context\":\"https:\/\/schema.org\",\"@graph\":[{\"@type\":\"Organization\",\"@id\":\"https:\/\/www.cudeca.org\/#organization\",\"name\":\"Fundaci\u00f3n Cudeca\",\"url\":\"https:\/\/www.cudeca.org\/\",\"sameAs\":[\"https:\/\/www.youtube.com\/c\/cudecamalaga\",\"https:\/\/www.facebook.com\/AmigosDeCudeca\",\"https:\/\/twitter.com\/cudeca\"],\"logo\":{\"@type\":\"ImageObject\",\"inLanguage\":\"en-US\",\"@id\":\"https:\/\/www.cudeca.org\/#\/schema\/logo\/image\/\",\"url\":\"https:\/\/www.cudeca.org\/wp-content\/uploads\/2018\/02\/cudeca-logo.png\",\"contentUrl\":\"https:\/\/www.cudeca.org\/wp-content\/uploads\/2018\/02\/cudeca-logo.png\",\"width\":2121,\"height\":984,\"caption\":\"Fundaci\u00f3n Cudeca\"},\"image\":{\"@id\":\"https:\/\/www.cudeca.org\/#\/schema\/logo\/image\/\"}},{\"@type\":\"WebSite\",\"@id\":\"https:\/\/www.cudeca.org\/#website\",\"url\":\"https:\/\/www.cudeca.org\/\",\"name\":\"Fundaci\u00f3n Cudeca\",\"description\":\"Cudeca Hospice\",\"publisher\":{\"@id\":\"https:\/\/www.cudeca.org\/#organization\"},\"potentialAction\":[{\"@type\":\"SearchAction\",\"target\":{\"@type\":\"EntryPoint\",\"urlTemplate\":\"https:\/\/www.cudeca.org\/?s={search_term_string}\"},\"query-input\":\"required name=search_term_string\"}],\"inLanguage\":\"en-US\"},{\"@type\":\"WebPage\",\"@id\":\"https:\/\/www.cudeca.org\/politica-de-privacidad\/\",\"url\":\"https:\/\/www.cudeca.org\/politica-de-privacidad\/\",\"name\":\"Privacy policy - Cudeca Cancer Care Hospice\",\"isPartOf\":{\"@id\":\"https:\/\/www.cudeca.org\/#website\"},\"datePublished\":\"2018-05-24T15:35:16+00:00\",\"dateModified\":\"2024-12-30T08:24:43+00:00\",\"breadcrumb\":{\"@id\":\"https:\/\/www.cudeca.org\/politica-de-privacidad\/#breadcrumb\"},\"inLanguage\":\"en-US\",\"potentialAction\":[{\"@type\":\"ReadAction\",\"target\":[\"https:\/\/www.cudeca.org\/politica-de-privacidad\/\"]}]},{\"@type\":\"BreadcrumbList\",\"@id\":\"https:\/\/www.cudeca.org\/politica-de-privacidad\/#breadcrumb\",\"itemListElement\":[{\"@type\":\"ListItem\",\"position\":1,\"name\":\"Portada\",\"item\":\"https:\/\/www.cudeca.org\/\"},{\"@type\":\"ListItem\",\"position\":2,\"name\":\"[:es]Pol\u00edtica de privacidad[:en]Privacy policy[:]\"}]}]}<\/script>\n<!-- \/ Yoast SEO plugin. -->","yoast_head_json":{"title":"Privacy policy - Cudeca Cancer Care Hospice","robots":{"index":"index","follow":"follow","max-snippet":"max-snippet:-1","max-image-preview":"max-image-preview:large","max-video-preview":"max-video-preview:-1"},"canonical":"https:\/\/www.cudeca.org\/politica-de-privacidad\/","og_locale":"en_US","og_type":"article","og_title":"Privacy policy - Cudeca Cancer Care Hospice","og_description":"[vc_row][vc_column][vc_column_text css=&#8221;&#8221;]1. INFORMACI\u00d3N AL USUARIO \u00bfQui\u00e9n es el responsable del tratamiento de tus datos personales? Fundaci\u00f3n Cudeca es el RESPONSABLE del tratamiento de los datos personales del USUARIO y le informa de que estos datos ser\u00e1n tratados de conformidad con lo dispuesto en el Reglamento (UE) 2016\/679, de 27 de abril (GDPR), y la Ley [&hellip;]","og_url":"https:\/\/www.cudeca.org\/politica-de-privacidad\/","og_site_name":"Cudeca Cancer Care Hospice","article_publisher":"https:\/\/www.facebook.com\/AmigosDeCudeca","article_modified_time":"2024-12-30T08:24:43+00:00","twitter_card":"summary_large_image","twitter_site":"@cudeca","twitter_misc":{"Est. reading time":"9 minutes"},"schema":{"@context":"https:\/\/schema.org","@graph":[{"@type":"Organization","@id":"https:\/\/www.cudeca.org\/#organization","name":"Fundaci\u00f3n Cudeca","url":"https:\/\/www.cudeca.org\/","sameAs":["https:\/\/www.youtube.com\/c\/cudecamalaga","https:\/\/www.facebook.com\/AmigosDeCudeca","https:\/\/twitter.com\/cudeca"],"logo":{"@type":"ImageObject","inLanguage":"en-US","@id":"https:\/\/www.cudeca.org\/#\/schema\/logo\/image\/","url":"https:\/\/www.cudeca.org\/wp-content\/uploads\/2018\/02\/cudeca-logo.png","contentUrl":"https:\/\/www.cudeca.org\/wp-content\/uploads\/2018\/02\/cudeca-logo.png","width":2121,"height":984,"caption":"Fundaci\u00f3n Cudeca"},"image":{"@id":"https:\/\/www.cudeca.org\/#\/schema\/logo\/image\/"}},{"@type":"WebSite","@id":"https:\/\/www.cudeca.org\/#website","url":"https:\/\/www.cudeca.org\/","name":"Fundaci\u00f3n Cudeca","description":"Cudeca Hospice","publisher":{"@id":"https:\/\/www.cudeca.org\/#organization"},"potentialAction":[{"@type":"SearchAction","target":{"@type":"EntryPoint","urlTemplate":"https:\/\/www.cudeca.org\/?s={search_term_string}"},"query-input":"required name=search_term_string"}],"inLanguage":"en-US"},{"@type":"WebPage","@id":"https:\/\/www.cudeca.org\/politica-de-privacidad\/","url":"https:\/\/www.cudeca.org\/politica-de-privacidad\/","name":"Privacy policy - Cudeca Cancer Care Hospice","isPartOf":{"@id":"https:\/\/www.cudeca.org\/#website"},"datePublished":"2018-05-24T15:35:16+00:00","dateModified":"2024-12-30T08:24:43+00:00","breadcrumb":{"@id":"https:\/\/www.cudeca.org\/politica-de-privacidad\/#breadcrumb"},"inLanguage":"en-US","potentialAction":[{"@type":"ReadAction","target":["https:\/\/www.cudeca.org\/politica-de-privacidad\/"]}]},{"@type":"BreadcrumbList","@id":"https:\/\/www.cudeca.org\/politica-de-privacidad\/#breadcrumb","itemListElement":[{"@type":"ListItem","position":1,"name":"Portada","item":"https:\/\/www.cudeca.org\/"},{"@type":"ListItem","position":2,"name":"[:es]Pol\u00edtica de privacidad[:en]Privacy policy[:]"}]}]}},"_links":{"self":[{"href":"https:\/\/www.cudeca.org\/en\/wp-json\/wp\/v2\/pages\/17528"}],"collection":[{"href":"https:\/\/www.cudeca.org\/en\/wp-json\/wp\/v2\/pages"}],"about":[{"href":"https:\/\/www.cudeca.org\/en\/wp-json\/wp\/v2\/types\/page"}],"author":[{"embeddable":true,"href":"https:\/\/www.cudeca.org\/en\/wp-json\/wp\/v2\/users\/1"}],"replies":[{"embeddable":true,"href":"https:\/\/www.cudeca.org\/en\/wp-json\/wp\/v2\/comments?post=17528"}],"version-history":[{"count":3,"href":"https:\/\/www.cudeca.org\/en\/wp-json\/wp\/v2\/pages\/17528\/revisions"}],"predecessor-version":[{"id":31149,"href":"https:\/\/www.cudeca.org\/en\/wp-json\/wp\/v2\/pages\/17528\/revisions\/31149"}],"wp:attachment":[{"href":"https:\/\/www.cudeca.org\/en\/wp-json\/wp\/v2\/media?parent=17528"}],"curies":[{"name":"wp","href":"https:\/\/api.w.org\/{rel}","templated":true}]}}